{"id":10,"date":"2025-12-09T13:57:55","date_gmt":"2025-12-09T13:57:55","guid":{"rendered":"https:\/\/davinchipeluqueria.rkinformatika.online\/?page_id=10"},"modified":"2025-12-09T15:21:12","modified_gmt":"2025-12-09T15:21:12","slug":"reembolso_devoluciones","status":"publish","type":"page","link":"https:\/\/davinchipeluqueria.es\/en\/reembolso_devoluciones\/","title":{"rendered":"Pol\u00edtica de devoluciones y reembolsos"},"content":{"rendered":"<div data-elementor-type=\"wp-page\" data-elementor-id=\"10\" class=\"elementor elementor-10\" data-elementor-post-type=\"page\">\n\t\t\t\t<div class=\"elementor-element elementor-element-159ba52 e-flex e-con-boxed e-con e-parent\" data-id=\"159ba52\" data-element_type=\"container\" data-e-type=\"container\">\n\t\t\t\t\t<div class=\"e-con-inner\">\n\t\t\t\t<div class=\"elementor-element elementor-element-313b000 elementor-widget elementor-widget-text-editor\" data-id=\"313b000\" data-element_type=\"widget\" data-e-type=\"widget\" data-widget_type=\"text-editor.default\">\n\t\t\t\t\t\t\t\t\t<h1><b>Pol\u00edtica de Devoluciones<\/b><\/h1>\n<p>En el caso de cambio el cliente nos debe informar y hacernos llegar el producto que quiere devolver y tras valorar que el producto tiene que estar sin usar con la etiqueta y envoltorio original, se procede a hacer la devoluci\u00f3n del mismo modo que se ha hecho el pago.<\/p>\n<p>Tambi\u00e9n se puede hacer la devoluci\u00f3n en la propia tienda.<\/p>\n<p>Se dispone de 15 d\u00edas para devolver el pedido.<\/p>\n<p>Pod\u00e9is poneros en contacto con nosotros en el tel\u00e9fono&nbsp;<b>+34&nbsp;954 128 435<\/b>&nbsp;o en el email&nbsp;<b>daunchimoda.a@gmail.com<\/b><\/p>\t\t\t\t\t\t\t\t<\/div>\n\t\t\t\t\t<\/div>\n\t\t\t\t<\/div>\n\t\t\t\t<\/div>","protected":false},"excerpt":{"rendered":"<p>Pol\u00edtica de Devoluciones En el caso de cambio el cliente nos debe informar y hacernos llegar el producto que quiere devolver y tras valorar que el producto tiene que estar sin usar con la etiqueta y envoltorio original, se procede a hacer la devoluci\u00f3n del mismo modo que se ha hecho el pago. Tambi\u00e9n se [&hellip;]<\/p>\n","protected":false},"author":1,"featured_media":0,"parent":0,"menu_order":0,"comment_status":"closed","ping_status":"closed","template":"","meta":{"footnotes":""},"class_list":["post-10","page","type-page","status-publish","hentry"],"yoast_head":"<!-- This site is optimized with the Yoast SEO plugin v27.3 - https:\/\/yoast.com\/product\/yoast-seo-wordpress\/ -->\n<title>Pol\u00edtica de devoluciones y reembolsos - Daunchi Peluquer\u00eda<\/title>\n<meta name=\"robots\" content=\"index, follow, max-snippet:-1, max-image-preview:large, max-video-preview:-1\" \/>\n<link rel=\"canonical\" href=\"https:\/\/davinchipeluqueria.es\/en\/reembolso_devoluciones\/\" \/>\n<meta property=\"og:locale\" content=\"en_GB\" \/>\n<meta property=\"og:type\" content=\"article\" \/>\n<meta property=\"og:title\" content=\"Pol\u00edtica de devoluciones y reembolsos - Daunchi Peluquer\u00eda\" \/>\n<meta property=\"og:description\" content=\"Pol\u00edtica de Devoluciones En el caso de cambio el cliente nos debe informar y hacernos llegar el producto que quiere devolver y tras valorar que el producto tiene que estar sin usar con la etiqueta y envoltorio original, se procede a hacer la devoluci\u00f3n del mismo modo que se ha hecho el pago. Tambi\u00e9n se [&hellip;]\" \/>\n<meta property=\"og:url\" content=\"https:\/\/davinchipeluqueria.es\/en\/reembolso_devoluciones\/\" \/>\n<meta property=\"og:site_name\" content=\"Daunchi Peluquer\u00eda\" \/>\n<meta property=\"article:modified_time\" content=\"2025-12-09T15:21:12+00:00\" \/>\n<meta name=\"twitter:card\" content=\"summary_large_image\" \/>\n<meta name=\"twitter:label1\" content=\"Estimated reading time\" \/>\n\t<meta name=\"twitter:data1\" content=\"1 minute\" \/>\n<script type=\"application\/ld+json\" class=\"yoast-schema-graph\">{\"@context\":\"https:\\\/\\\/schema.org\",\"@graph\":[{\"@type\":\"WebPage\",\"@id\":\"https:\\\/\\\/davinchipeluqueria.es\\\/reembolso_devoluciones\\\/\",\"url\":\"https:\\\/\\\/davinchipeluqueria.es\\\/reembolso_devoluciones\\\/\",\"name\":\"Pol\u00edtica de devoluciones y reembolsos - Daunchi Peluquer\u00eda\",\"isPartOf\":{\"@id\":\"https:\\\/\\\/davinchipeluqueria.es\\\/#website\"},\"datePublished\":\"2025-12-09T13:57:55+00:00\",\"dateModified\":\"2025-12-09T15:21:12+00:00\",\"breadcrumb\":{\"@id\":\"https:\\\/\\\/davinchipeluqueria.es\\\/reembolso_devoluciones\\\/#breadcrumb\"},\"inLanguage\":\"en-GB\",\"potentialAction\":[{\"@type\":\"ReadAction\",\"target\":[\"https:\\\/\\\/davinchipeluqueria.es\\\/reembolso_devoluciones\\\/\"]}]},{\"@type\":\"BreadcrumbList\",\"@id\":\"https:\\\/\\\/davinchipeluqueria.es\\\/reembolso_devoluciones\\\/#breadcrumb\",\"itemListElement\":[{\"@type\":\"ListItem\",\"position\":1,\"name\":\"Portada\",\"item\":\"https:\\\/\\\/davinchipeluqueria.es\\\/\"},{\"@type\":\"ListItem\",\"position\":2,\"name\":\"Pol\u00edtica de devoluciones y reembolsos\"}]},{\"@type\":\"WebSite\",\"@id\":\"https:\\\/\\\/davinchipeluqueria.es\\\/#website\",\"url\":\"https:\\\/\\\/davinchipeluqueria.es\\\/\",\"name\":\"Daunchi Peluquer\u00eda\",\"description\":\"Peluquer\u00eda\",\"publisher\":{\"@id\":\"https:\\\/\\\/davinchipeluqueria.es\\\/#organization\"},\"potentialAction\":[{\"@type\":\"SearchAction\",\"target\":{\"@type\":\"EntryPoint\",\"urlTemplate\":\"https:\\\/\\\/davinchipeluqueria.es\\\/?s={search_term_string}\"},\"query-input\":{\"@type\":\"PropertyValueSpecification\",\"valueRequired\":true,\"valueName\":\"search_term_string\"}}],\"inLanguage\":\"en-GB\"},{\"@type\":\"Organization\",\"@id\":\"https:\\\/\\\/davinchipeluqueria.es\\\/#organization\",\"name\":\"Daunchi Peluquer\u00eda\",\"url\":\"https:\\\/\\\/davinchipeluqueria.es\\\/\",\"logo\":{\"@type\":\"ImageObject\",\"inLanguage\":\"en-GB\",\"@id\":\"https:\\\/\\\/davinchipeluqueria.es\\\/#\\\/schema\\\/logo\\\/image\\\/\",\"url\":\"https:\\\/\\\/davinchipeluqueria.es\\\/wp-content\\\/uploads\\\/2025\\\/12\\\/cropped-peuqueriadavinchi202509_logoarriba.jpg\",\"contentUrl\":\"https:\\\/\\\/davinchipeluqueria.es\\\/wp-content\\\/uploads\\\/2025\\\/12\\\/cropped-peuqueriadavinchi202509_logoarriba.jpg\",\"width\":346,\"height\":63,\"caption\":\"Daunchi Peluquer\u00eda\"},\"image\":{\"@id\":\"https:\\\/\\\/davinchipeluqueria.es\\\/#\\\/schema\\\/logo\\\/image\\\/\"}}]}<\/script>\n<!-- \/ Yoast SEO plugin. -->","yoast_head_json":{"title":"Pol\u00edtica de devoluciones y reembolsos - Daunchi Peluquer\u00eda","robots":{"index":"index","follow":"follow","max-snippet":"max-snippet:-1","max-image-preview":"max-image-preview:large","max-video-preview":"max-video-preview:-1"},"canonical":"https:\/\/davinchipeluqueria.es\/en\/reembolso_devoluciones\/","og_locale":"en_GB","og_type":"article","og_title":"Pol\u00edtica de devoluciones y reembolsos - Daunchi Peluquer\u00eda","og_description":"Pol\u00edtica de Devoluciones En el caso de cambio el cliente nos debe informar y hacernos llegar el producto que quiere devolver y tras valorar que el producto tiene que estar sin usar con la etiqueta y envoltorio original, se procede a hacer la devoluci\u00f3n del mismo modo que se ha hecho el pago. Tambi\u00e9n se [&hellip;]","og_url":"https:\/\/davinchipeluqueria.es\/en\/reembolso_devoluciones\/","og_site_name":"Daunchi Peluquer\u00eda","article_modified_time":"2025-12-09T15:21:12+00:00","twitter_card":"summary_large_image","twitter_misc":{"Estimated reading time":"1 minute"},"schema":{"@context":"https:\/\/schema.org","@graph":[{"@type":"WebPage","@id":"https:\/\/davinchipeluqueria.es\/reembolso_devoluciones\/","url":"https:\/\/davinchipeluqueria.es\/reembolso_devoluciones\/","name":"Pol\u00edtica de devoluciones y reembolsos - Daunchi Peluquer\u00eda","isPartOf":{"@id":"https:\/\/davinchipeluqueria.es\/#website"},"datePublished":"2025-12-09T13:57:55+00:00","dateModified":"2025-12-09T15:21:12+00:00","breadcrumb":{"@id":"https:\/\/davinchipeluqueria.es\/reembolso_devoluciones\/#breadcrumb"},"inLanguage":"en-GB","potentialAction":[{"@type":"ReadAction","target":["https:\/\/davinchipeluqueria.es\/reembolso_devoluciones\/"]}]},{"@type":"BreadcrumbList","@id":"https:\/\/davinchipeluqueria.es\/reembolso_devoluciones\/#breadcrumb","itemListElement":[{"@type":"ListItem","position":1,"name":"Portada","item":"https:\/\/davinchipeluqueria.es\/"},{"@type":"ListItem","position":2,"name":"Pol\u00edtica de devoluciones y reembolsos"}]},{"@type":"WebSite","@id":"https:\/\/davinchipeluqueria.es\/#website","url":"https:\/\/davinchipeluqueria.es\/","name":"Daunchi Peluquer\u00eda","description":"Peluquer\u00eda","publisher":{"@id":"https:\/\/davinchipeluqueria.es\/#organization"},"potentialAction":[{"@type":"SearchAction","target":{"@type":"EntryPoint","urlTemplate":"https:\/\/davinchipeluqueria.es\/?s={search_term_string}"},"query-input":{"@type":"PropertyValueSpecification","valueRequired":true,"valueName":"search_term_string"}}],"inLanguage":"en-GB"},{"@type":"Organization","@id":"https:\/\/davinchipeluqueria.es\/#organization","name":"Daunchi Peluquer\u00eda","url":"https:\/\/davinchipeluqueria.es\/","logo":{"@type":"ImageObject","inLanguage":"en-GB","@id":"https:\/\/davinchipeluqueria.es\/#\/schema\/logo\/image\/","url":"https:\/\/davinchipeluqueria.es\/wp-content\/uploads\/2025\/12\/cropped-peuqueriadavinchi202509_logoarriba.jpg","contentUrl":"https:\/\/davinchipeluqueria.es\/wp-content\/uploads\/2025\/12\/cropped-peuqueriadavinchi202509_logoarriba.jpg","width":346,"height":63,"caption":"Daunchi Peluquer\u00eda"},"image":{"@id":"https:\/\/davinchipeluqueria.es\/#\/schema\/logo\/image\/"}}]}},"_links":{"self":[{"href":"https:\/\/davinchipeluqueria.es\/en\/wp-json\/wp\/v2\/pages\/10","targetHints":{"allow":["GET"]}}],"collection":[{"href":"https:\/\/davinchipeluqueria.es\/en\/wp-json\/wp\/v2\/pages"}],"about":[{"href":"https:\/\/davinchipeluqueria.es\/en\/wp-json\/wp\/v2\/types\/page"}],"author":[{"embeddable":true,"href":"https:\/\/davinchipeluqueria.es\/en\/wp-json\/wp\/v2\/users\/1"}],"replies":[{"embeddable":true,"href":"https:\/\/davinchipeluqueria.es\/en\/wp-json\/wp\/v2\/comments?post=10"}],"version-history":[{"count":4,"href":"https:\/\/davinchipeluqueria.es\/en\/wp-json\/wp\/v2\/pages\/10\/revisions"}],"predecessor-version":[{"id":87,"href":"https:\/\/davinchipeluqueria.es\/en\/wp-json\/wp\/v2\/pages\/10\/revisions\/87"}],"wp:attachment":[{"href":"https:\/\/davinchipeluqueria.es\/en\/wp-json\/wp\/v2\/media?parent=10"}],"curies":[{"name":"wp","href":"https:\/\/api.w.org\/{rel}","templated":true}]}}