{"id":15,"date":"2025-12-09T13:50:35","date_gmt":"2025-12-09T13:50:35","guid":{"rendered":"https:\/\/davinchipeluqueria.rkinformatika.online\/?page_id=15"},"modified":"2025-12-12T15:48:54","modified_gmt":"2025-12-12T15:48:54","slug":"inicio","status":"publish","type":"page","link":"https:\/\/davinchipeluqueria.es\/en\/","title":{"rendered":"Inicio"},"content":{"rendered":"\t\t<div data-elementor-type=\"wp-page\" data-elementor-id=\"15\" class=\"elementor elementor-15\" data-elementor-post-type=\"page\">\n\t\t\t\t<div class=\"elementor-element elementor-element-157700b e-con-full e-flex elementor-invisible e-con e-parent\" data-id=\"157700b\" data-element_type=\"container\" data-e-type=\"container\" data-settings=\"{&quot;background_background&quot;:&quot;classic&quot;,&quot;background_motion_fx_motion_fx_scrolling&quot;:&quot;yes&quot;,&quot;animation&quot;:&quot;fadeIn&quot;,&quot;background_motion_fx_devices&quot;:[&quot;desktop&quot;,&quot;tablet&quot;,&quot;mobile&quot;]}\">\n\t\t<div class=\"elementor-element elementor-element-d380290 e-flex e-con-boxed e-con e-child\" data-id=\"d380290\" data-element_type=\"container\" data-e-type=\"container\">\n\t\t\t\t\t<div class=\"e-con-inner\">\n\t\t\t\t<div class=\"elementor-element elementor-element-eadb285 animated-slow elementor-widget__width-initial elementor-invisible elementor-widget elementor-widget-heading\" data-id=\"eadb285\" data-element_type=\"widget\" data-e-type=\"widget\" data-settings=\"{&quot;_animation&quot;:&quot;fadeInDown&quot;}\" data-widget_type=\"heading.default\">\n\t\t\t\t\t<h2 class=\"elementor-heading-title elementor-size-default\">tratamientos capilares y moda.<\/h2>\t\t\t\t<\/div>\n\t\t\t\t\t<\/div>\n\t\t\t\t<\/div>\n\t\t\t\t<\/div>\n\t\t<div class=\"elementor-element elementor-element-952c543 e-flex e-con-boxed e-con e-parent\" data-id=\"952c543\" data-element_type=\"container\" data-e-type=\"container\">\n\t\t\t\t\t<div class=\"e-con-inner\">\n\t\t<div class=\"elementor-element elementor-element-74251d8 e-con-full e-flex e-con e-child\" data-id=\"74251d8\" data-element_type=\"container\" data-e-type=\"container\">\n\t\t\t\t<div class=\"elementor-element elementor-element-25ae20b elementor-widget elementor-widget-heading\" data-id=\"25ae20b\" data-element_type=\"widget\" data-e-type=\"widget\" data-widget_type=\"heading.default\">\n\t\t\t\t\t<h2 class=\"elementor-heading-title elementor-size-default\">Sobre Nosotros:<\/h2>\t\t\t\t<\/div>\n\t\t\t\t<div class=\"elementor-element elementor-element-c4234ba elementor-widget elementor-widget-text-editor\" data-id=\"c4234ba\" data-element_type=\"widget\" data-e-type=\"widget\" data-widget_type=\"text-editor.default\">\n\t\t\t\t\t\t\t\t\t<p>Actualmente, contamos con un sal\u00f3n donde, adem\u00e1s de ofrecer todos los servicios tradicionales de peluquer\u00eda \u2014cortes, peinados de fiesta, tintes, mechas y moldeadores\u2014, nos hemos especializado en tratamientos capilares avanzados. Entre ellos destacan los tratamientos reparadores, nutritivos, hidratantes, balayage y otras t\u00e9cnicas personalizadas seg\u00fan las necesidades de cada cabello.<\/p><p>Tambi\u00e9n realizamos alisados temporales con productos veganos, suaves y respetuosos con la fibra capilar, as\u00ed como coloraciones vegetales elaboradas a base de plantas, conocidas como *barros*.<\/p>\t\t\t\t\t\t\t\t<\/div>\n\t\t\t\t<\/div>\n\t\t<div class=\"elementor-element elementor-element-6951251 e-con-full e-flex e-con e-child\" data-id=\"6951251\" data-element_type=\"container\" data-e-type=\"container\">\n\t\t\t\t<div class=\"elementor-element elementor-element-a4cb093 elementor-widget elementor-widget-image\" data-id=\"a4cb093\" data-element_type=\"widget\" data-e-type=\"widget\" data-widget_type=\"image.default\">\n\t\t\t\t\t\t\t\t\t\t\t\t\t\t\t<img fetchpriority=\"high\" decoding=\"async\" width=\"627\" height=\"829\" src=\"https:\/\/davinchipeluqueria.es\/wp-content\/uploads\/2025\/12\/Diseno-sin-titulo-4.png\" class=\"attachment-full size-full wp-image-114\" alt=\"\" srcset=\"https:\/\/davinchipeluqueria.es\/wp-content\/uploads\/2025\/12\/Diseno-sin-titulo-4.png 627w, https:\/\/davinchipeluqueria.es\/wp-content\/uploads\/2025\/12\/Diseno-sin-titulo-4-227x300.png 227w, https:\/\/davinchipeluqueria.es\/wp-content\/uploads\/2025\/12\/Diseno-sin-titulo-4-9x12.png 9w, https:\/\/davinchipeluqueria.es\/wp-content\/uploads\/2025\/12\/Diseno-sin-titulo-4-600x793.png 600w\" sizes=\"(max-width: 627px) 100vw, 627px\" \/>\t\t\t\t\t\t\t\t\t\t\t\t\t\t\t<\/div>\n\t\t\t\t<\/div>\n\t\t<div class=\"elementor-element elementor-element-413af4b e-con-full e-flex e-con e-child\" data-id=\"413af4b\" data-element_type=\"container\" data-e-type=\"container\">\n\t\t\t\t<div class=\"elementor-element elementor-element-050f14a elementor-widget elementor-widget-eael-creative-button\" data-id=\"050f14a\" data-element_type=\"widget\" data-e-type=\"widget\" data-widget_type=\"eael-creative-button.default\">\n\t\t\t\t\t        <div class=\"eael-creative-button-wrapper\">\n\n            <a class=\"eael-creative-button eael-creative-button--default\" href=\"https:\/\/davinchipeluqueria.es\/servicios\/\" data-text=\"Go!\">\n            \t    \n                <div class=\"creative-button-inner\">\n\n                    \n                    <span class=\"cretive-button-text\">Peluquer\u00eda<\/span>\n\n                                    <\/div>\n\t                        <\/a>\n        <\/div>\n        \t\t\t\t<\/div>\n\t\t\t\t<\/div>\n\t\t<div class=\"elementor-element elementor-element-96cb6db e-con-full e-flex e-con e-child\" data-id=\"96cb6db\" data-element_type=\"container\" data-e-type=\"container\">\n\t\t\t\t<div class=\"elementor-element elementor-element-ea2ca77 elementor-widget elementor-widget-eael-creative-button\" data-id=\"ea2ca77\" data-element_type=\"widget\" data-e-type=\"widget\" data-widget_type=\"eael-creative-button.default\">\n\t\t\t\t\t        <div class=\"eael-creative-button-wrapper\">\n\n            <a class=\"eael-creative-button eael-creative-button--default\" href=\"https:\/\/davinchipeluqueria.es\/servicios\/\" data-text=\"Go!\">\n            \t    \n                <div class=\"creative-button-inner\">\n\n                    \n                    <span class=\"cretive-button-text\">Tienda<\/span>\n\n                                    <\/div>\n\t                        <\/a>\n        <\/div>\n        \t\t\t\t<\/div>\n\t\t\t\t<\/div>\n\t\t\t\t\t<\/div>\n\t\t\t\t<\/div>\n\t\t<div class=\"elementor-element elementor-element-47ffa35 e-flex e-con-boxed e-con e-parent\" data-id=\"47ffa35\" data-element_type=\"container\" data-e-type=\"container\">\n\t\t\t\t\t<div class=\"e-con-inner\">\n\t\t<div class=\"elementor-element elementor-element-c0eee76 e-con-full e-flex e-con e-child\" data-id=\"c0eee76\" data-element_type=\"container\" data-e-type=\"container\" data-settings=\"{&quot;background_background&quot;:&quot;classic&quot;}\">\n\t\t\t\t<div class=\"elementor-element elementor-element-75b4a7e elementor-widget elementor-widget-heading\" data-id=\"75b4a7e\" data-element_type=\"widget\" data-e-type=\"widget\" data-widget_type=\"heading.default\">\n\t\t\t\t\t<h2 class=\"elementor-heading-title elementor-size-default\">Experiencia en el sector:<\/h2>\t\t\t\t<\/div>\n\t\t\t\t<div class=\"elementor-element elementor-element-2787bf2 elementor-widget elementor-widget-text-editor\" data-id=\"2787bf2\" data-element_type=\"widget\" data-e-type=\"widget\" data-widget_type=\"text-editor.default\">\n\t\t\t\t\t\t\t\t\t<p>Llevamos m\u00e1s de 30 a\u00f1os en el barrio ofreciendo un servicio cercano y profesional. Durante m\u00e1s de 15 a\u00f1os tambi\u00e9n fuimos un centro de formaci\u00f3n, contribuyendo a la preparaci\u00f3n de futuros profesionales del sector.<\/p>\t\t\t\t\t\t\t\t<\/div>\n\t\t\t\t<div class=\"elementor-element elementor-element-e03e376 elementor-widget elementor-widget-counter\" data-id=\"e03e376\" data-element_type=\"widget\" data-e-type=\"widget\" data-widget_type=\"counter.default\">\n\t\t\t\t\t\t\t<div class=\"elementor-counter\">\n\t\t\t<div class=\"elementor-counter-title\">A\u00f1os<\/div>\t\t\t<div class=\"elementor-counter-number-wrapper\">\n\t\t\t\t<span class=\"elementor-counter-number-prefix\">+<\/span>\n\t\t\t\t<span class=\"elementor-counter-number\" data-duration=\"2000\" data-to-value=\"30\" data-from-value=\"0\" data-delimiter=\",\">0<\/span>\n\t\t\t\t<span class=\"elementor-counter-number-suffix\"><\/span>\n\t\t\t<\/div>\n\t\t<\/div>\n\t\t\t\t\t\t<\/div>\n\t\t\t\t<\/div>\n\t\t<div class=\"elementor-element elementor-element-192f67b e-con-full e-flex e-con e-child\" data-id=\"192f67b\" data-element_type=\"container\" data-e-type=\"container\" data-settings=\"{&quot;background_background&quot;:&quot;classic&quot;}\">\n\t\t\t\t<div class=\"elementor-element elementor-element-0218dff elementor-widget elementor-widget-heading\" data-id=\"0218dff\" data-element_type=\"widget\" data-e-type=\"widget\" data-widget_type=\"heading.default\">\n\t\t\t\t\t<h2 class=\"elementor-heading-title elementor-size-default\">Redes Sociales:<\/h2>\t\t\t\t<\/div>\n\t\t\t\t<div class=\"elementor-element elementor-element-dce4258 elementor-widget elementor-widget-text-editor\" data-id=\"dce4258\" data-element_type=\"widget\" data-e-type=\"widget\" data-widget_type=\"text-editor.default\">\n\t\t\t\t\t\t\t\t\t<p>S\u00edguenos en Facebook, Instagram y LinkedIn para estar siempre informado y en contacto con nosotros.<\/p>\t\t\t\t\t\t\t\t<\/div>\n\t\t\t\t<div class=\"elementor-element elementor-element-f991be4 elementor-shape-rounded elementor-grid-0 e-grid-align-center elementor-widget elementor-widget-social-icons\" data-id=\"f991be4\" data-element_type=\"widget\" data-e-type=\"widget\" data-widget_type=\"social-icons.default\">\n\t\t\t\t\t\t\t<div class=\"elementor-social-icons-wrapper elementor-grid\" role=\"list\">\n\t\t\t\t\t\t\t<span class=\"elementor-grid-item\" role=\"listitem\">\n\t\t\t\t\t<a class=\"elementor-icon elementor-social-icon elementor-social-icon-facebook elementor-repeater-item-0da0576\" target=\"_blank\">\n\t\t\t\t\t\t<span class=\"elementor-screen-only\">Facebook<\/span>\n\t\t\t\t\t\t<svg aria-hidden=\"true\" class=\"e-font-icon-svg e-fab-facebook\" viewBox=\"0 0 512 512\" xmlns=\"http:\/\/www.w3.org\/2000\/svg\"><path d=\"M504 256C504 119 393 8 256 8S8 119 8 256c0 123.78 90.69 226.38 209.25 245V327.69h-63V256h63v-54.64c0-62.15 37-96.48 93.67-96.48 27.14 0 55.52 4.84 55.52 4.84v61h-31.28c-30.8 0-40.41 19.12-40.41 38.73V256h68.78l-11 71.69h-57.78V501C413.31 482.38 504 379.78 504 256z\"><\/path><\/svg>\t\t\t\t\t<\/a>\n\t\t\t\t<\/span>\n\t\t\t\t\t\t\t<span class=\"elementor-grid-item\" role=\"listitem\">\n\t\t\t\t\t<a class=\"elementor-icon elementor-social-icon elementor-social-icon-instagram elementor-repeater-item-525e8a4\" target=\"_blank\">\n\t\t\t\t\t\t<span class=\"elementor-screen-only\">Instagram<\/span>\n\t\t\t\t\t\t<svg aria-hidden=\"true\" class=\"e-font-icon-svg e-fab-instagram\" viewBox=\"0 0 448 512\" xmlns=\"http:\/\/www.w3.org\/2000\/svg\"><path d=\"M224.1 141c-63.6 0-114.9 51.3-114.9 114.9s51.3 114.9 114.9 114.9S339 319.5 339 255.9 287.7 141 224.1 141zm0 189.6c-41.1 0-74.7-33.5-74.7-74.7s33.5-74.7 74.7-74.7 74.7 33.5 74.7 74.7-33.6 74.7-74.7 74.7zm146.4-194.3c0 14.9-12 26.8-26.8 26.8-14.9 0-26.8-12-26.8-26.8s12-26.8 26.8-26.8 26.8 12 26.8 26.8zm76.1 27.2c-1.7-35.9-9.9-67.7-36.2-93.9-26.2-26.2-58-34.4-93.9-36.2-37-2.1-147.9-2.1-184.9 0-35.8 1.7-67.6 9.9-93.9 36.1s-34.4 58-36.2 93.9c-2.1 37-2.1 147.9 0 184.9 1.7 35.9 9.9 67.7 36.2 93.9s58 34.4 93.9 36.2c37 2.1 147.9 2.1 184.9 0 35.9-1.7 67.7-9.9 93.9-36.2 26.2-26.2 34.4-58 36.2-93.9 2.1-37 2.1-147.8 0-184.8zM398.8 388c-7.8 19.6-22.9 34.7-42.6 42.6-29.5 11.7-99.5 9-132.1 9s-102.7 2.6-132.1-9c-19.6-7.8-34.7-22.9-42.6-42.6-11.7-29.5-9-99.5-9-132.1s-2.6-102.7 9-132.1c7.8-19.6 22.9-34.7 42.6-42.6 29.5-11.7 99.5-9 132.1-9s102.7-2.6 132.1 9c19.6 7.8 34.7 22.9 42.6 42.6 11.7 29.5 9 99.5 9 132.1s2.7 102.7-9 132.1z\"><\/path><\/svg>\t\t\t\t\t<\/a>\n\t\t\t\t<\/span>\n\t\t\t\t\t<\/div>\n\t\t\t\t\t\t<\/div>\n\t\t\t\t<\/div>\n\t\t\t\t\t<\/div>\n\t\t\t\t<\/div>\n\t\t<div class=\"elementor-element elementor-element-0714a92 e-flex e-con-boxed e-con e-parent\" data-id=\"0714a92\" data-element_type=\"container\" data-e-type=\"container\">\n\t\t\t\t\t<div class=\"e-con-inner\">\n\t\t<div class=\"elementor-element elementor-element-dc6692c e-con-full e-flex e-con e-child\" data-id=\"dc6692c\" data-element_type=\"container\" data-e-type=\"container\">\n\t\t\t\t<div class=\"elementor-element elementor-element-84a134f animated-slow elementor-widget__width-initial elementor-invisible elementor-widget elementor-widget-heading\" data-id=\"84a134f\" data-element_type=\"widget\" data-e-type=\"widget\" data-settings=\"{&quot;_animation&quot;:&quot;fadeInDown&quot;}\" data-widget_type=\"heading.default\">\n\t\t\t\t\t<h2 class=\"elementor-heading-title elementor-size-default\">Belleza, experiencia y moda en un solo lugar.<\/h2>\t\t\t\t<\/div>\n\t\t\t\t<\/div>\n\t\t\t\t\t<\/div>\n\t\t\t\t<\/div>\n\t\t<div class=\"elementor-element elementor-element-2d93a3c e-flex e-con-boxed e-con e-parent\" data-id=\"2d93a3c\" data-element_type=\"container\" data-e-type=\"container\">\n\t\t\t\t\t<div class=\"e-con-inner\">\n\t\t\t\t\t<\/div>\n\t\t\t\t<\/div>\n\t\t\t\t<\/div>\n\t\t","protected":false},"excerpt":{"rendered":"<p>tratamientos capilares y moda. Sobre Nosotros: Actualmente, contamos con un sal\u00f3n donde, adem\u00e1s de ofrecer todos los servicios tradicionales de peluquer\u00eda \u2014cortes, peinados de fiesta, tintes, mechas y moldeadores\u2014, nos hemos especializado en tratamientos capilares avanzados. Entre ellos destacan los tratamientos reparadores, nutritivos, hidratantes, balayage y otras t\u00e9cnicas personalizadas seg\u00fan las necesidades de cada cabello. [&hellip;]<\/p>\n","protected":false},"author":1,"featured_media":0,"parent":0,"menu_order":0,"comment_status":"closed","ping_status":"closed","template":"elementor_canvas","meta":{"footnotes":""},"class_list":["post-15","page","type-page","status-publish","hentry"],"yoast_head":"<!-- This site is optimized with the Yoast SEO plugin v27.3 - https:\/\/yoast.com\/product\/yoast-seo-wordpress\/ -->\n<title>Inicio - Daunchi Peluquer\u00eda<\/title>\n<meta name=\"robots\" content=\"index, follow, max-snippet:-1, max-image-preview:large, max-video-preview:-1\" \/>\n<link rel=\"canonical\" href=\"https:\/\/davinchipeluqueria.es\/en\/\" \/>\n<meta property=\"og:locale\" content=\"en_GB\" \/>\n<meta property=\"og:type\" content=\"article\" \/>\n<meta property=\"og:title\" content=\"Inicio - Daunchi Peluquer\u00eda\" \/>\n<meta property=\"og:description\" content=\"tratamientos capilares y moda. Sobre Nosotros: Actualmente, contamos con un sal\u00f3n donde, adem\u00e1s de ofrecer todos los servicios tradicionales de peluquer\u00eda \u2014cortes, peinados de fiesta, tintes, mechas y moldeadores\u2014, nos hemos especializado en tratamientos capilares avanzados. Entre ellos destacan los tratamientos reparadores, nutritivos, hidratantes, balayage y otras t\u00e9cnicas personalizadas seg\u00fan las necesidades de cada cabello. [&hellip;]\" \/>\n<meta property=\"og:url\" content=\"https:\/\/davinchipeluqueria.es\/en\/\" \/>\n<meta property=\"og:site_name\" content=\"Daunchi Peluquer\u00eda\" \/>\n<meta property=\"article:modified_time\" content=\"2025-12-12T15:48:54+00:00\" \/>\n<meta property=\"og:image\" content=\"https:\/\/davinchipeluqueria.es\/wp-content\/uploads\/2025\/12\/Diseno-sin-titulo-4.png\" \/>\n\t<meta property=\"og:image:width\" content=\"627\" \/>\n\t<meta property=\"og:image:height\" content=\"829\" \/>\n\t<meta property=\"og:image:type\" content=\"image\/png\" \/>\n<meta name=\"twitter:card\" content=\"summary_large_image\" \/>\n<meta name=\"twitter:label1\" content=\"Estimated reading time\" \/>\n\t<meta name=\"twitter:data1\" content=\"1 minute\" \/>\n<script type=\"application\/ld+json\" class=\"yoast-schema-graph\">{\"@context\":\"https:\\\/\\\/schema.org\",\"@graph\":[{\"@type\":\"WebPage\",\"@id\":\"https:\\\/\\\/davinchipeluqueria.es\\\/\",\"url\":\"https:\\\/\\\/davinchipeluqueria.es\\\/\",\"name\":\"Inicio - Daunchi Peluquer\u00eda\",\"isPartOf\":{\"@id\":\"https:\\\/\\\/davinchipeluqueria.es\\\/#website\"},\"primaryImageOfPage\":{\"@id\":\"https:\\\/\\\/davinchipeluqueria.es\\\/#primaryimage\"},\"image\":{\"@id\":\"https:\\\/\\\/davinchipeluqueria.es\\\/#primaryimage\"},\"thumbnailUrl\":\"https:\\\/\\\/davinchipeluqueria.es\\\/wp-content\\\/uploads\\\/2025\\\/12\\\/Diseno-sin-titulo-4.png\",\"datePublished\":\"2025-12-09T13:50:35+00:00\",\"dateModified\":\"2025-12-12T15:48:54+00:00\",\"breadcrumb\":{\"@id\":\"https:\\\/\\\/davinchipeluqueria.es\\\/#breadcrumb\"},\"inLanguage\":\"en-GB\",\"potentialAction\":[{\"@type\":\"ReadAction\",\"target\":[\"https:\\\/\\\/davinchipeluqueria.es\\\/\"]}]},{\"@type\":\"ImageObject\",\"inLanguage\":\"en-GB\",\"@id\":\"https:\\\/\\\/davinchipeluqueria.es\\\/#primaryimage\",\"url\":\"https:\\\/\\\/davinchipeluqueria.es\\\/wp-content\\\/uploads\\\/2025\\\/12\\\/Diseno-sin-titulo-4.png\",\"contentUrl\":\"https:\\\/\\\/davinchipeluqueria.es\\\/wp-content\\\/uploads\\\/2025\\\/12\\\/Diseno-sin-titulo-4.png\"},{\"@type\":\"BreadcrumbList\",\"@id\":\"https:\\\/\\\/davinchipeluqueria.es\\\/#breadcrumb\",\"itemListElement\":[{\"@type\":\"ListItem\",\"position\":1,\"name\":\"Portada\",\"item\":\"https:\\\/\\\/davinchipeluqueria.es\\\/\"},{\"@type\":\"ListItem\",\"position\":2,\"name\":\"Inicio\"}]},{\"@type\":\"WebSite\",\"@id\":\"https:\\\/\\\/davinchipeluqueria.es\\\/#website\",\"url\":\"https:\\\/\\\/davinchipeluqueria.es\\\/\",\"name\":\"Daunchi Peluquer\u00eda\",\"description\":\"Peluquer\u00eda\",\"publisher\":{\"@id\":\"https:\\\/\\\/davinchipeluqueria.es\\\/#organization\"},\"potentialAction\":[{\"@type\":\"SearchAction\",\"target\":{\"@type\":\"EntryPoint\",\"urlTemplate\":\"https:\\\/\\\/davinchipeluqueria.es\\\/?s={search_term_string}\"},\"query-input\":{\"@type\":\"PropertyValueSpecification\",\"valueRequired\":true,\"valueName\":\"search_term_string\"}}],\"inLanguage\":\"en-GB\"},{\"@type\":\"Organization\",\"@id\":\"https:\\\/\\\/davinchipeluqueria.es\\\/#organization\",\"name\":\"Daunchi Peluquer\u00eda\",\"url\":\"https:\\\/\\\/davinchipeluqueria.es\\\/\",\"logo\":{\"@type\":\"ImageObject\",\"inLanguage\":\"en-GB\",\"@id\":\"https:\\\/\\\/davinchipeluqueria.es\\\/#\\\/schema\\\/logo\\\/image\\\/\",\"url\":\"https:\\\/\\\/davinchipeluqueria.es\\\/wp-content\\\/uploads\\\/2025\\\/12\\\/cropped-peuqueriadavinchi202509_logoarriba.jpg\",\"contentUrl\":\"https:\\\/\\\/davinchipeluqueria.es\\\/wp-content\\\/uploads\\\/2025\\\/12\\\/cropped-peuqueriadavinchi202509_logoarriba.jpg\",\"width\":346,\"height\":63,\"caption\":\"Daunchi Peluquer\u00eda\"},\"image\":{\"@id\":\"https:\\\/\\\/davinchipeluqueria.es\\\/#\\\/schema\\\/logo\\\/image\\\/\"}}]}<\/script>\n<!-- \/ Yoast SEO plugin. -->","yoast_head_json":{"title":"Inicio - Daunchi Peluquer\u00eda","robots":{"index":"index","follow":"follow","max-snippet":"max-snippet:-1","max-image-preview":"max-image-preview:large","max-video-preview":"max-video-preview:-1"},"canonical":"https:\/\/davinchipeluqueria.es\/en\/","og_locale":"en_GB","og_type":"article","og_title":"Inicio - Daunchi Peluquer\u00eda","og_description":"tratamientos capilares y moda. Sobre Nosotros: Actualmente, contamos con un sal\u00f3n donde, adem\u00e1s de ofrecer todos los servicios tradicionales de peluquer\u00eda \u2014cortes, peinados de fiesta, tintes, mechas y moldeadores\u2014, nos hemos especializado en tratamientos capilares avanzados. Entre ellos destacan los tratamientos reparadores, nutritivos, hidratantes, balayage y otras t\u00e9cnicas personalizadas seg\u00fan las necesidades de cada cabello. [&hellip;]","og_url":"https:\/\/davinchipeluqueria.es\/en\/","og_site_name":"Daunchi Peluquer\u00eda","article_modified_time":"2025-12-12T15:48:54+00:00","og_image":[{"width":627,"height":829,"url":"https:\/\/davinchipeluqueria.es\/wp-content\/uploads\/2025\/12\/Diseno-sin-titulo-4.png","type":"image\/png"}],"twitter_card":"summary_large_image","twitter_misc":{"Estimated reading time":"1 minute"},"schema":{"@context":"https:\/\/schema.org","@graph":[{"@type":"WebPage","@id":"https:\/\/davinchipeluqueria.es\/","url":"https:\/\/davinchipeluqueria.es\/","name":"Inicio - Daunchi Peluquer\u00eda","isPartOf":{"@id":"https:\/\/davinchipeluqueria.es\/#website"},"primaryImageOfPage":{"@id":"https:\/\/davinchipeluqueria.es\/#primaryimage"},"image":{"@id":"https:\/\/davinchipeluqueria.es\/#primaryimage"},"thumbnailUrl":"https:\/\/davinchipeluqueria.es\/wp-content\/uploads\/2025\/12\/Diseno-sin-titulo-4.png","datePublished":"2025-12-09T13:50:35+00:00","dateModified":"2025-12-12T15:48:54+00:00","breadcrumb":{"@id":"https:\/\/davinchipeluqueria.es\/#breadcrumb"},"inLanguage":"en-GB","potentialAction":[{"@type":"ReadAction","target":["https:\/\/davinchipeluqueria.es\/"]}]},{"@type":"ImageObject","inLanguage":"en-GB","@id":"https:\/\/davinchipeluqueria.es\/#primaryimage","url":"https:\/\/davinchipeluqueria.es\/wp-content\/uploads\/2025\/12\/Diseno-sin-titulo-4.png","contentUrl":"https:\/\/davinchipeluqueria.es\/wp-content\/uploads\/2025\/12\/Diseno-sin-titulo-4.png"},{"@type":"BreadcrumbList","@id":"https:\/\/davinchipeluqueria.es\/#breadcrumb","itemListElement":[{"@type":"ListItem","position":1,"name":"Portada","item":"https:\/\/davinchipeluqueria.es\/"},{"@type":"ListItem","position":2,"name":"Inicio"}]},{"@type":"WebSite","@id":"https:\/\/davinchipeluqueria.es\/#website","url":"https:\/\/davinchipeluqueria.es\/","name":"Daunchi Peluquer\u00eda","description":"Peluquer\u00eda","publisher":{"@id":"https:\/\/davinchipeluqueria.es\/#organization"},"potentialAction":[{"@type":"SearchAction","target":{"@type":"EntryPoint","urlTemplate":"https:\/\/davinchipeluqueria.es\/?s={search_term_string}"},"query-input":{"@type":"PropertyValueSpecification","valueRequired":true,"valueName":"search_term_string"}}],"inLanguage":"en-GB"},{"@type":"Organization","@id":"https:\/\/davinchipeluqueria.es\/#organization","name":"Daunchi Peluquer\u00eda","url":"https:\/\/davinchipeluqueria.es\/","logo":{"@type":"ImageObject","inLanguage":"en-GB","@id":"https:\/\/davinchipeluqueria.es\/#\/schema\/logo\/image\/","url":"https:\/\/davinchipeluqueria.es\/wp-content\/uploads\/2025\/12\/cropped-peuqueriadavinchi202509_logoarriba.jpg","contentUrl":"https:\/\/davinchipeluqueria.es\/wp-content\/uploads\/2025\/12\/cropped-peuqueriadavinchi202509_logoarriba.jpg","width":346,"height":63,"caption":"Daunchi Peluquer\u00eda"},"image":{"@id":"https:\/\/davinchipeluqueria.es\/#\/schema\/logo\/image\/"}}]}},"_links":{"self":[{"href":"https:\/\/davinchipeluqueria.es\/en\/wp-json\/wp\/v2\/pages\/15","targetHints":{"allow":["GET"]}}],"collection":[{"href":"https:\/\/davinchipeluqueria.es\/en\/wp-json\/wp\/v2\/pages"}],"about":[{"href":"https:\/\/davinchipeluqueria.es\/en\/wp-json\/wp\/v2\/types\/page"}],"author":[{"embeddable":true,"href":"https:\/\/davinchipeluqueria.es\/en\/wp-json\/wp\/v2\/users\/1"}],"replies":[{"embeddable":true,"href":"https:\/\/davinchipeluqueria.es\/en\/wp-json\/wp\/v2\/comments?post=15"}],"version-history":[{"count":79,"href":"https:\/\/davinchipeluqueria.es\/en\/wp-json\/wp\/v2\/pages\/15\/revisions"}],"predecessor-version":[{"id":484,"href":"https:\/\/davinchipeluqueria.es\/en\/wp-json\/wp\/v2\/pages\/15\/revisions\/484"}],"wp:attachment":[{"href":"https:\/\/davinchipeluqueria.es\/en\/wp-json\/wp\/v2\/media?parent=15"}],"curies":[{"name":"wp","href":"https:\/\/api.w.org\/{rel}","templated":true}]}}