{"id":18,"date":"2025-12-09T13:52:52","date_gmt":"2025-12-09T13:52:52","guid":{"rendered":"https:\/\/davinchipeluqueria.rkinformatika.online\/?page_id=18"},"modified":"2025-12-09T14:53:50","modified_gmt":"2025-12-09T14:53:50","slug":"accesibilidad","status":"publish","type":"page","link":"https:\/\/davinchipeluqueria.es\/en\/accesibilidad\/","title":{"rendered":"Accesibilidad"},"content":{"rendered":"<div data-elementor-type=\"wp-page\" data-elementor-id=\"18\" class=\"elementor elementor-18\" data-elementor-post-type=\"page\">\n\t\t\t\t<div class=\"elementor-element elementor-element-3eae911 e-flex e-con-boxed e-con e-parent\" data-id=\"3eae911\" data-element_type=\"container\" data-e-type=\"container\">\n\t\t\t\t\t<div class=\"e-con-inner\">\n\t\t<div class=\"elementor-element elementor-element-83dc68f e-con-full e-flex e-con e-child\" data-id=\"83dc68f\" data-element_type=\"container\" data-e-type=\"container\">\n\t\t\t\t<div class=\"elementor-element elementor-element-db7836c elementor-widget elementor-widget-text-editor\" data-id=\"db7836c\" data-element_type=\"widget\" data-e-type=\"widget\" data-widget_type=\"text-editor.default\">\n\t\t\t\t\t\t\t\t\t<h1><b>ACCESIBILIDAD<\/b><\/h1>\n<p><b>Daunchi Peluquer\u00eda<\/b>&nbsp;se ha comprometido a hacer accesible su sitio web, de conformidad con el&nbsp;<a href=\"https:\/\/www.boe.es\/diario_boe\/txt.php?id=BOE-A-2018-12699\" target=\"_blank\" rel=\"noopener\">Real Decreto 1112\/2018, de 7 de septiembre, sobre accesibilidad de los sitios web y aplicaciones para dispositivos m\u00f3viles del sector p\u00fablico.<\/a><\/p>\n<p>La presente declaraci\u00f3n de accesibilidad se aplica al sitio web&nbsp;<b>https:\/\/davinchipeluqueria.es\/<\/b><\/p>\n<h2>Situaci\u00f3n de cumplimiento<\/h2>\n<p>Este sitio web es parcialmente conforme con el&nbsp;<a href=\"https:\/\/www.boe.es\/diario_boe\/txt.php?id=BOE-A-2018-12699\" target=\"_blank\" rel=\"noopener\">RD 1112\/2018<\/a>.<\/p>\n<h2>Preparaci\u00f3n para la siguiente declaraci\u00f3n de accesibilidad<\/h2>\n<p>La presente declaraci\u00f3n fue preparada el&nbsp;<b>09<\/b><b>&nbsp;de Deciembre<\/b><b>&nbsp;de 2025.<\/b><\/p>\n<p>El m\u00e9todo empleado para preparar la declaraci\u00f3n ha sido una autoevaluaci\u00f3n llevada a cabo por el propio organismo.<\/p>\n<p>Observaciones y datos de contacto<\/p>\n<p>Puede realizar comunicaciones sobre requisitos de accesibilidad (art\u00edculo 10.2.a del RD 1112\/2018) como, por ejemplo:<\/p>\n<ul>\n<li>\n<p>Informar sobre cualquier posible incumplimiento por parte de este sitio web<\/p>\n<\/li>\n<li>\n<p>Transmitir otras dificultades de acceso al contenido<\/p>\n<\/li>\n<li>\n<p>Formular cualquier otra consulta o sugerencia de mejora relativa a la accesibilidad del sitio web<\/p>\n<\/li>\n<\/ul>\n<p>a trav\u00e9s del formulario de contacto de este sitio web o a trav\u00e9s del n\u00famero de tel\u00e9fono&nbsp;<b>(+34) 954 128 435.<\/b><\/p>\n<p>Puede presentar:<\/p>\n<ul>\n<li>\n<p>Queja relativa al cumplimiento de los requisitos del RD 1112\/2018 o<\/p>\n<\/li>\n<li>\n<p>Solicitud de Informaci\u00f3n accesible relativa a:<\/p>\n<ul>\n<li>\n<p>Contenidos que est\u00e1n excluidos del \u00e1mbito de aplicaci\u00f3n del RD 1112\/2018 seg\u00fan lo establecido por el art\u00edculo 3, apartado 4<\/p>\n<\/li>\n<li>\n<p>Contenidos que est\u00e1n exentos del cumplimiento de los requisitos de accesibilidad por imponer una carga desproporcionada<\/p>\n<\/li>\n<\/ul>\n<\/li>\n<\/ul>\n<p>En la Solicitud de informaci\u00f3n accesible, se debe concretar, con toda claridad, los hechos, razones y petici\u00f3n que permitan constatar que se trata de una solicitud razonable y leg\u00edtima.<\/p>\n<p>Las quejas y reclamaciones sobre informaci\u00f3n accesible se realizar\u00e1n a trav\u00e9s de la sede electr\u00f3nica (<b>https:\/\/davinchipeluqueria.es\/contacto\/<\/b>), y ser\u00e1n recibidas y tratadas por el \u00e1rea de Sistemas de la Informaci\u00f3n de <b>Daunchi Peluquer\u00eda<\/b>.<\/p>\n<h2>Contenido opcional<\/h2>\n<p>Este portal est\u00e1 dise\u00f1ado para poder cambiar el tama\u00f1o del texto y el color, as\u00ed como el fondo de la p\u00e1gina mediante las opciones de configuraci\u00f3n est\u00e1ndar de los navegadores.<\/p>\n<p>Si desea cambiar el tama\u00f1o de letra del texto en los principales navegadores gr\u00e1ficos utilice los siguientes men\u00fas:<\/p>\n<ul>\n<li>\n<p>Internet Explorer, Mozilla y Firefox: Ver &gt; Tama\u00f1o del texto<\/p>\n<\/li>\n<li>\n<p>Opera: Ver &gt; Zoom<\/p>\n<\/li>\n<li>\n<p>Safari: Ver &gt; Hacer el texto m\u00e1s grande<\/p>\n<\/li>\n<li>\n<p>Chrome: Controla la p\u00e1gina actual &gt; Tama\u00f1o del texto<\/p>\n<\/li>\n<li>\n<p>Para modificar el tama\u00f1o de todo en la p\u00e1gina:<\/p>\n<ul>\n<li>\n<p>Ctrl + + para aumentarlo<\/p>\n<\/li>\n<li>\n<p>Ctrl + \u2013 para disminuirlo<\/p>\n<\/li>\n<li>\n<p>Ctrl + 0 restaura el tama\u00f1o original del texto<\/p>\n<\/li>\n<li>\n<p>Si lo que quiere es anular la hoja de estilos o modificar el color del texto, puede consultar la p\u00e1gina&nbsp;<span lang=\"en-US\">How to Change Text Size or Colors de la WAI<\/span>, que se puede leer traducida al espa\u00f1ol en \u00bfC\u00f3mo cambiar el tama\u00f1o del texto o colores?<\/p>\n<\/li>\n<\/ul>\n<\/li>\n<\/ul>\t\t\t\t\t\t\t\t<\/div>\n\t\t\t\t<\/div>\n\t\t\t\t\t<\/div>\n\t\t\t\t<\/div>\n\t\t\t\t<\/div>","protected":false},"excerpt":{"rendered":"<p>ACCESIBILIDAD Daunchi Peluquer\u00eda&nbsp;se ha comprometido a hacer accesible su sitio web, de conformidad con el&nbsp;Real Decreto 1112\/2018, de 7 de septiembre, sobre accesibilidad de los sitios web y aplicaciones para dispositivos m\u00f3viles del sector p\u00fablico. La presente declaraci\u00f3n de accesibilidad se aplica al sitio web&nbsp;https:\/\/davinchipeluqueria.es\/ Situaci\u00f3n de cumplimiento Este sitio web es parcialmente conforme con [&hellip;]<\/p>\n","protected":false},"author":1,"featured_media":0,"parent":0,"menu_order":0,"comment_status":"closed","ping_status":"closed","template":"elementor_canvas","meta":{"footnotes":""},"class_list":["post-18","page","type-page","status-publish","hentry"],"yoast_head":"<!-- This site is optimized with the Yoast SEO plugin v27.3 - https:\/\/yoast.com\/product\/yoast-seo-wordpress\/ -->\n<title>Accesibilidad - Daunchi Peluquer\u00eda<\/title>\n<meta name=\"robots\" content=\"index, follow, max-snippet:-1, max-image-preview:large, max-video-preview:-1\" \/>\n<link rel=\"canonical\" href=\"https:\/\/davinchipeluqueria.es\/en\/accesibilidad\/\" \/>\n<meta property=\"og:locale\" content=\"en_GB\" \/>\n<meta property=\"og:type\" content=\"article\" \/>\n<meta property=\"og:title\" content=\"Accesibilidad - Daunchi Peluquer\u00eda\" \/>\n<meta property=\"og:description\" content=\"ACCESIBILIDAD Daunchi Peluquer\u00eda&nbsp;se ha comprometido a hacer accesible su sitio web, de conformidad con el&nbsp;Real Decreto 1112\/2018, de 7 de septiembre, sobre accesibilidad de los sitios web y aplicaciones para dispositivos m\u00f3viles del sector p\u00fablico. La presente declaraci\u00f3n de accesibilidad se aplica al sitio web&nbsp;https:\/\/davinchipeluqueria.es\/ Situaci\u00f3n de cumplimiento Este sitio web es parcialmente conforme con [&hellip;]\" \/>\n<meta property=\"og:url\" content=\"https:\/\/davinchipeluqueria.es\/en\/accesibilidad\/\" \/>\n<meta property=\"og:site_name\" content=\"Daunchi Peluquer\u00eda\" \/>\n<meta property=\"article:modified_time\" content=\"2025-12-09T14:53:50+00:00\" \/>\n<meta name=\"twitter:card\" content=\"summary_large_image\" \/>\n<meta name=\"twitter:label1\" content=\"Estimated reading time\" \/>\n\t<meta name=\"twitter:data1\" content=\"2 minutes\" \/>\n<script type=\"application\/ld+json\" class=\"yoast-schema-graph\">{\"@context\":\"https:\\\/\\\/schema.org\",\"@graph\":[{\"@type\":\"WebPage\",\"@id\":\"https:\\\/\\\/davinchipeluqueria.es\\\/accesibilidad\\\/\",\"url\":\"https:\\\/\\\/davinchipeluqueria.es\\\/accesibilidad\\\/\",\"name\":\"Accesibilidad - Daunchi Peluquer\u00eda\",\"isPartOf\":{\"@id\":\"https:\\\/\\\/davinchipeluqueria.es\\\/#website\"},\"datePublished\":\"2025-12-09T13:52:52+00:00\",\"dateModified\":\"2025-12-09T14:53:50+00:00\",\"breadcrumb\":{\"@id\":\"https:\\\/\\\/davinchipeluqueria.es\\\/accesibilidad\\\/#breadcrumb\"},\"inLanguage\":\"en-GB\",\"potentialAction\":[{\"@type\":\"ReadAction\",\"target\":[\"https:\\\/\\\/davinchipeluqueria.es\\\/accesibilidad\\\/\"]}]},{\"@type\":\"BreadcrumbList\",\"@id\":\"https:\\\/\\\/davinchipeluqueria.es\\\/accesibilidad\\\/#breadcrumb\",\"itemListElement\":[{\"@type\":\"ListItem\",\"position\":1,\"name\":\"Portada\",\"item\":\"https:\\\/\\\/davinchipeluqueria.es\\\/\"},{\"@type\":\"ListItem\",\"position\":2,\"name\":\"Accesibilidad\"}]},{\"@type\":\"WebSite\",\"@id\":\"https:\\\/\\\/davinchipeluqueria.es\\\/#website\",\"url\":\"https:\\\/\\\/davinchipeluqueria.es\\\/\",\"name\":\"Daunchi Peluquer\u00eda\",\"description\":\"Peluquer\u00eda\",\"publisher\":{\"@id\":\"https:\\\/\\\/davinchipeluqueria.es\\\/#organization\"},\"potentialAction\":[{\"@type\":\"SearchAction\",\"target\":{\"@type\":\"EntryPoint\",\"urlTemplate\":\"https:\\\/\\\/davinchipeluqueria.es\\\/?s={search_term_string}\"},\"query-input\":{\"@type\":\"PropertyValueSpecification\",\"valueRequired\":true,\"valueName\":\"search_term_string\"}}],\"inLanguage\":\"en-GB\"},{\"@type\":\"Organization\",\"@id\":\"https:\\\/\\\/davinchipeluqueria.es\\\/#organization\",\"name\":\"Daunchi Peluquer\u00eda\",\"url\":\"https:\\\/\\\/davinchipeluqueria.es\\\/\",\"logo\":{\"@type\":\"ImageObject\",\"inLanguage\":\"en-GB\",\"@id\":\"https:\\\/\\\/davinchipeluqueria.es\\\/#\\\/schema\\\/logo\\\/image\\\/\",\"url\":\"https:\\\/\\\/davinchipeluqueria.es\\\/wp-content\\\/uploads\\\/2025\\\/12\\\/cropped-peuqueriadavinchi202509_logoarriba.jpg\",\"contentUrl\":\"https:\\\/\\\/davinchipeluqueria.es\\\/wp-content\\\/uploads\\\/2025\\\/12\\\/cropped-peuqueriadavinchi202509_logoarriba.jpg\",\"width\":346,\"height\":63,\"caption\":\"Daunchi Peluquer\u00eda\"},\"image\":{\"@id\":\"https:\\\/\\\/davinchipeluqueria.es\\\/#\\\/schema\\\/logo\\\/image\\\/\"}}]}<\/script>\n<!-- \/ Yoast SEO plugin. -->","yoast_head_json":{"title":"Accesibilidad - Daunchi Peluquer\u00eda","robots":{"index":"index","follow":"follow","max-snippet":"max-snippet:-1","max-image-preview":"max-image-preview:large","max-video-preview":"max-video-preview:-1"},"canonical":"https:\/\/davinchipeluqueria.es\/en\/accesibilidad\/","og_locale":"en_GB","og_type":"article","og_title":"Accesibilidad - Daunchi Peluquer\u00eda","og_description":"ACCESIBILIDAD Daunchi Peluquer\u00eda&nbsp;se ha comprometido a hacer accesible su sitio web, de conformidad con el&nbsp;Real Decreto 1112\/2018, de 7 de septiembre, sobre accesibilidad de los sitios web y aplicaciones para dispositivos m\u00f3viles del sector p\u00fablico. La presente declaraci\u00f3n de accesibilidad se aplica al sitio web&nbsp;https:\/\/davinchipeluqueria.es\/ Situaci\u00f3n de cumplimiento Este sitio web es parcialmente conforme con [&hellip;]","og_url":"https:\/\/davinchipeluqueria.es\/en\/accesibilidad\/","og_site_name":"Daunchi Peluquer\u00eda","article_modified_time":"2025-12-09T14:53:50+00:00","twitter_card":"summary_large_image","twitter_misc":{"Estimated reading time":"2 minutes"},"schema":{"@context":"https:\/\/schema.org","@graph":[{"@type":"WebPage","@id":"https:\/\/davinchipeluqueria.es\/accesibilidad\/","url":"https:\/\/davinchipeluqueria.es\/accesibilidad\/","name":"Accesibilidad - Daunchi Peluquer\u00eda","isPartOf":{"@id":"https:\/\/davinchipeluqueria.es\/#website"},"datePublished":"2025-12-09T13:52:52+00:00","dateModified":"2025-12-09T14:53:50+00:00","breadcrumb":{"@id":"https:\/\/davinchipeluqueria.es\/accesibilidad\/#breadcrumb"},"inLanguage":"en-GB","potentialAction":[{"@type":"ReadAction","target":["https:\/\/davinchipeluqueria.es\/accesibilidad\/"]}]},{"@type":"BreadcrumbList","@id":"https:\/\/davinchipeluqueria.es\/accesibilidad\/#breadcrumb","itemListElement":[{"@type":"ListItem","position":1,"name":"Portada","item":"https:\/\/davinchipeluqueria.es\/"},{"@type":"ListItem","position":2,"name":"Accesibilidad"}]},{"@type":"WebSite","@id":"https:\/\/davinchipeluqueria.es\/#website","url":"https:\/\/davinchipeluqueria.es\/","name":"Daunchi Peluquer\u00eda","description":"Peluquer\u00eda","publisher":{"@id":"https:\/\/davinchipeluqueria.es\/#organization"},"potentialAction":[{"@type":"SearchAction","target":{"@type":"EntryPoint","urlTemplate":"https:\/\/davinchipeluqueria.es\/?s={search_term_string}"},"query-input":{"@type":"PropertyValueSpecification","valueRequired":true,"valueName":"search_term_string"}}],"inLanguage":"en-GB"},{"@type":"Organization","@id":"https:\/\/davinchipeluqueria.es\/#organization","name":"Daunchi Peluquer\u00eda","url":"https:\/\/davinchipeluqueria.es\/","logo":{"@type":"ImageObject","inLanguage":"en-GB","@id":"https:\/\/davinchipeluqueria.es\/#\/schema\/logo\/image\/","url":"https:\/\/davinchipeluqueria.es\/wp-content\/uploads\/2025\/12\/cropped-peuqueriadavinchi202509_logoarriba.jpg","contentUrl":"https:\/\/davinchipeluqueria.es\/wp-content\/uploads\/2025\/12\/cropped-peuqueriadavinchi202509_logoarriba.jpg","width":346,"height":63,"caption":"Daunchi Peluquer\u00eda"},"image":{"@id":"https:\/\/davinchipeluqueria.es\/#\/schema\/logo\/image\/"}}]}},"_links":{"self":[{"href":"https:\/\/davinchipeluqueria.es\/en\/wp-json\/wp\/v2\/pages\/18","targetHints":{"allow":["GET"]}}],"collection":[{"href":"https:\/\/davinchipeluqueria.es\/en\/wp-json\/wp\/v2\/pages"}],"about":[{"href":"https:\/\/davinchipeluqueria.es\/en\/wp-json\/wp\/v2\/types\/page"}],"author":[{"embeddable":true,"href":"https:\/\/davinchipeluqueria.es\/en\/wp-json\/wp\/v2\/users\/1"}],"replies":[{"embeddable":true,"href":"https:\/\/davinchipeluqueria.es\/en\/wp-json\/wp\/v2\/comments?post=18"}],"version-history":[{"count":4,"href":"https:\/\/davinchipeluqueria.es\/en\/wp-json\/wp\/v2\/pages\/18\/revisions"}],"predecessor-version":[{"id":79,"href":"https:\/\/davinchipeluqueria.es\/en\/wp-json\/wp\/v2\/pages\/18\/revisions\/79"}],"wp:attachment":[{"href":"https:\/\/davinchipeluqueria.es\/en\/wp-json\/wp\/v2\/media?parent=18"}],"curies":[{"name":"wp","href":"https:\/\/api.w.org\/{rel}","templated":true}]}}