{"id":28,"date":"2025-12-09T13:55:38","date_gmt":"2025-12-09T13:55:38","guid":{"rendered":"https:\/\/davinchipeluqueria.rkinformatika.online\/?page_id=28"},"modified":"2025-12-10T08:56:14","modified_gmt":"2025-12-10T08:56:14","slug":"servicios","status":"publish","type":"page","link":"https:\/\/davinchipeluqueria.es\/en\/servicios\/","title":{"rendered":"Servicios"},"content":{"rendered":"\t\t<div data-elementor-type=\"wp-page\" data-elementor-id=\"28\" class=\"elementor elementor-28\" data-elementor-post-type=\"page\">\n\t\t\t\t<div class=\"elementor-element elementor-element-87dc558 e-con-full e-flex e-con e-parent\" data-id=\"87dc558\" data-element_type=\"container\" data-e-type=\"container\" data-settings=\"{&quot;background_background&quot;:&quot;classic&quot;,&quot;background_motion_fx_motion_fx_scrolling&quot;:&quot;yes&quot;,&quot;background_motion_fx_translateY_effect&quot;:&quot;yes&quot;,&quot;background_motion_fx_translateY_direction&quot;:&quot;negative&quot;,&quot;background_motion_fx_translateY_affectedRange&quot;:{&quot;unit&quot;:&quot;%&quot;,&quot;size&quot;:&quot;&quot;,&quot;sizes&quot;:{&quot;start&quot;:43,&quot;end&quot;:100}},&quot;background_motion_fx_blur_effect&quot;:&quot;yes&quot;,&quot;background_motion_fx_blur_level&quot;:{&quot;unit&quot;:&quot;px&quot;,&quot;size&quot;:3,&quot;sizes&quot;:[]},&quot;background_motion_fx_blur_range&quot;:{&quot;unit&quot;:&quot;%&quot;,&quot;size&quot;:&quot;&quot;,&quot;sizes&quot;:{&quot;start&quot;:47,&quot;end&quot;:100}},&quot;background_motion_fx_translateY_speed&quot;:{&quot;unit&quot;:&quot;px&quot;,&quot;size&quot;:4,&quot;sizes&quot;:[]},&quot;background_motion_fx_blur_direction&quot;:&quot;out-in&quot;,&quot;background_motion_fx_devices&quot;:[&quot;desktop&quot;,&quot;tablet&quot;,&quot;mobile&quot;]}\">\n\t\t\t\t<div class=\"elementor-element elementor-element-2fdb231 animated-slow elementor-invisible elementor-widget elementor-widget-heading\" data-id=\"2fdb231\" data-element_type=\"widget\" data-e-type=\"widget\" data-settings=\"{&quot;_animation_tablet&quot;:&quot;fadeInUp&quot;,&quot;_animation_mobile&quot;:&quot;fadeInUp&quot;,&quot;_animation&quot;:&quot;fadeInUp&quot;}\" data-widget_type=\"heading.default\">\n\t\t\t\t\t<h2 class=\"elementor-heading-title elementor-size-default\">Descubre todos nuestros servicios pensados para realzar tu belleza y cuidar de tu cabello.<\/h2>\t\t\t\t<\/div>\n\t\t\t\t<\/div>\n\t\t<div class=\"elementor-element elementor-element-3a35a36 e-flex e-con-boxed e-con e-parent\" data-id=\"3a35a36\" data-element_type=\"container\" data-e-type=\"container\">\n\t\t\t\t\t<div class=\"e-con-inner\">\n\t\t<div class=\"elementor-element elementor-element-8624772 e-con-full e-flex elementor-invisible e-con e-child\" data-id=\"8624772\" data-element_type=\"container\" data-e-type=\"container\" data-settings=\"{&quot;animation&quot;:&quot;fadeInUp&quot;}\">\n\t\t\t\t<div class=\"elementor-element elementor-element-f6e1b69 elementor-widget elementor-widget-image\" data-id=\"f6e1b69\" data-element_type=\"widget\" data-e-type=\"widget\" data-widget_type=\"image.default\">\n\t\t\t\t\t\t\t\t\t\t\t\t\t\t\t<img fetchpriority=\"high\" decoding=\"async\" width=\"443\" height=\"600\" src=\"https:\/\/davinchipeluqueria.es\/wp-content\/uploads\/2025\/12\/1.png\" class=\"attachment-large size-large wp-image-193\" alt=\"\" srcset=\"https:\/\/davinchipeluqueria.es\/wp-content\/uploads\/2025\/12\/1.png 443w, https:\/\/davinchipeluqueria.es\/wp-content\/uploads\/2025\/12\/1-222x300.png 222w, https:\/\/davinchipeluqueria.es\/wp-content\/uploads\/2025\/12\/1-9x12.png 9w\" sizes=\"(max-width: 443px) 100vw, 443px\" \/>\t\t\t\t\t\t\t\t\t\t\t\t\t\t\t<\/div>\n\t\t\t\t<div class=\"elementor-element elementor-element-ed86713 elementor-widget elementor-widget-heading\" data-id=\"ed86713\" data-element_type=\"widget\" data-e-type=\"widget\" data-widget_type=\"heading.default\">\n\t\t\t\t\t<h2 class=\"elementor-heading-title elementor-size-default\">Coloraci\u00f3n y t\u00e9cnicas de mechas<\/h2>\t\t\t\t<\/div>\n\t\t\t\t<div class=\"elementor-element elementor-element-f2ba39d elementor-widget elementor-widget-text-editor\" data-id=\"f2ba39d\" data-element_type=\"widget\" data-e-type=\"widget\" data-widget_type=\"text-editor.default\">\n\t\t\t\t\t\t\t\t\t<ul><li>Mechas de todo tipo: tradicionales, babylights, californianas, etc.<\/li><li>Coloraci\u00f3n tradicional<\/li><li>Coloraci\u00f3n sin amon\u00edaco<\/li><li>Coloraci\u00f3n natural (barros)<\/li><\/ul>\t\t\t\t\t\t\t\t<\/div>\n\t\t\t\t<\/div>\n\t\t<div class=\"elementor-element elementor-element-c167e9b e-con-full e-flex elementor-invisible e-con e-child\" data-id=\"c167e9b\" data-element_type=\"container\" data-e-type=\"container\" data-settings=\"{&quot;animation&quot;:&quot;fadeInUp&quot;}\">\n\t\t\t\t<div class=\"elementor-element elementor-element-c75205e elementor-widget elementor-widget-image\" data-id=\"c75205e\" data-element_type=\"widget\" data-e-type=\"widget\" data-widget_type=\"image.default\">\n\t\t\t\t\t\t\t\t\t\t\t\t\t\t\t<img decoding=\"async\" width=\"443\" height=\"600\" src=\"https:\/\/davinchipeluqueria.es\/wp-content\/uploads\/2025\/12\/2-1.png\" class=\"attachment-full size-full wp-image-194\" alt=\"\" srcset=\"https:\/\/davinchipeluqueria.es\/wp-content\/uploads\/2025\/12\/2-1.png 443w, https:\/\/davinchipeluqueria.es\/wp-content\/uploads\/2025\/12\/2-1-222x300.png 222w, https:\/\/davinchipeluqueria.es\/wp-content\/uploads\/2025\/12\/2-1-9x12.png 9w\" sizes=\"(max-width: 443px) 100vw, 443px\" \/>\t\t\t\t\t\t\t\t\t\t\t\t\t\t\t<\/div>\n\t\t\t\t<div class=\"elementor-element elementor-element-614ad2c elementor-widget elementor-widget-heading\" data-id=\"614ad2c\" data-element_type=\"widget\" data-e-type=\"widget\" data-widget_type=\"heading.default\">\n\t\t\t\t\t<h2 class=\"elementor-heading-title elementor-size-default\">Corte y peinado<\/h2>\t\t\t\t<\/div>\n\t\t\t\t<div class=\"elementor-element elementor-element-194be37 elementor-widget elementor-widget-text-editor\" data-id=\"194be37\" data-element_type=\"widget\" data-e-type=\"widget\" data-widget_type=\"text-editor.default\">\n\t\t\t\t\t\t\t\t\t<ul><li data-start=\"349\" data-end=\"367\">Corte de cabello<\/li><li data-start=\"349\" data-end=\"367\">Peinados de fiesta<\/li><li data-start=\"349\" data-end=\"367\">Peinados para novias y madrinas.<\/li><\/ul>\t\t\t\t\t\t\t\t<\/div>\n\t\t\t\t<\/div>\n\t\t<div class=\"elementor-element elementor-element-3baec68 e-con-full e-flex elementor-invisible e-con e-child\" data-id=\"3baec68\" data-element_type=\"container\" data-e-type=\"container\" data-settings=\"{&quot;animation&quot;:&quot;fadeInUp&quot;}\">\n\t\t\t\t<div class=\"elementor-element elementor-element-8703a14 elementor-widget elementor-widget-image\" data-id=\"8703a14\" data-element_type=\"widget\" data-e-type=\"widget\" data-widget_type=\"image.default\">\n\t\t\t\t\t\t\t\t\t\t\t\t\t\t\t<img decoding=\"async\" width=\"443\" height=\"600\" src=\"https:\/\/davinchipeluqueria.es\/wp-content\/uploads\/2025\/12\/Diseno-sin-titulo-5.png\" class=\"attachment-full size-full wp-image-195\" alt=\"\" srcset=\"https:\/\/davinchipeluqueria.es\/wp-content\/uploads\/2025\/12\/Diseno-sin-titulo-5.png 443w, https:\/\/davinchipeluqueria.es\/wp-content\/uploads\/2025\/12\/Diseno-sin-titulo-5-222x300.png 222w, https:\/\/davinchipeluqueria.es\/wp-content\/uploads\/2025\/12\/Diseno-sin-titulo-5-9x12.png 9w\" sizes=\"(max-width: 443px) 100vw, 443px\" \/>\t\t\t\t\t\t\t\t\t\t\t\t\t\t\t<\/div>\n\t\t\t\t<div class=\"elementor-element elementor-element-73ecfd9 elementor-widget elementor-widget-heading\" data-id=\"73ecfd9\" data-element_type=\"widget\" data-e-type=\"widget\" data-widget_type=\"heading.default\">\n\t\t\t\t\t<h2 class=\"elementor-heading-title elementor-size-default\">Moldeados y alisados<\/h2>\t\t\t\t<\/div>\n\t\t\t\t<div class=\"elementor-element elementor-element-4348476 elementor-widget elementor-widget-text-editor\" data-id=\"4348476\" data-element_type=\"widget\" data-e-type=\"widget\" data-widget_type=\"text-editor.default\">\n\t\t\t\t\t\t\t\t\t<ul><li data-start=\"457\" data-end=\"470\">Moldeadores<\/li><li data-start=\"457\" data-end=\"470\">Alisados temporales<\/li><\/ul>\t\t\t\t\t\t\t\t<\/div>\n\t\t\t\t<\/div>\n\t\t<div class=\"elementor-element elementor-element-e390c94 e-con-full e-flex elementor-invisible e-con e-child\" data-id=\"e390c94\" data-element_type=\"container\" data-e-type=\"container\" data-settings=\"{&quot;animation&quot;:&quot;fadeInUp&quot;}\">\n\t\t\t\t<div class=\"elementor-element elementor-element-bc9d1d2 elementor-widget elementor-widget-image\" data-id=\"bc9d1d2\" data-element_type=\"widget\" data-e-type=\"widget\" data-widget_type=\"image.default\">\n\t\t\t\t\t\t\t\t\t\t\t\t\t\t\t<img loading=\"lazy\" decoding=\"async\" width=\"443\" height=\"600\" src=\"https:\/\/davinchipeluqueria.es\/wp-content\/uploads\/2025\/12\/Diseno-sin-titulo-6.png\" class=\"attachment-full size-full wp-image-196\" alt=\"\" srcset=\"https:\/\/davinchipeluqueria.es\/wp-content\/uploads\/2025\/12\/Diseno-sin-titulo-6.png 443w, https:\/\/davinchipeluqueria.es\/wp-content\/uploads\/2025\/12\/Diseno-sin-titulo-6-222x300.png 222w, https:\/\/davinchipeluqueria.es\/wp-content\/uploads\/2025\/12\/Diseno-sin-titulo-6-9x12.png 9w\" sizes=\"(max-width: 443px) 100vw, 443px\" \/>\t\t\t\t\t\t\t\t\t\t\t\t\t\t\t<\/div>\n\t\t\t\t<div class=\"elementor-element elementor-element-c5b6133 elementor-widget elementor-widget-heading\" data-id=\"c5b6133\" data-element_type=\"widget\" data-e-type=\"widget\" data-widget_type=\"heading.default\">\n\t\t\t\t\t<h2 class=\"elementor-heading-title elementor-size-default\">Tratamientos capilares<\/h2>\t\t\t\t<\/div>\n\t\t\t\t<div class=\"elementor-element elementor-element-7f52ca0 elementor-widget elementor-widget-text-editor\" data-id=\"7f52ca0\" data-element_type=\"widget\" data-e-type=\"widget\" data-widget_type=\"text-editor.default\">\n\t\t\t\t\t\t\t\t\t<ul><li data-start=\"525\" data-end=\"551\">Tratamientos reparadores<\/li><li data-start=\"525\" data-end=\"551\">Tratamientos nutritivos<\/li><li data-start=\"525\" data-end=\"551\">Tratamientos hidratantes<\/li><li data-start=\"525\" data-end=\"551\">Otros tratamientos personalizados seg\u00fan necesidad del cabello<\/li><li style=\"list-style-type: none;\">\u00a0<\/li><\/ul>\t\t\t\t\t\t\t\t<\/div>\n\t\t\t\t<\/div>\n\t\t\t\t\t<\/div>\n\t\t\t\t<\/div>\n\t\t<div class=\"elementor-element elementor-element-8bda1a6 e-flex e-con-boxed e-con e-parent\" data-id=\"8bda1a6\" data-element_type=\"container\" data-e-type=\"container\" data-settings=\"{&quot;background_background&quot;:&quot;classic&quot;}\">\n\t\t\t\t\t<div class=\"e-con-inner\">\n\t\t\t\t<div class=\"elementor-element elementor-element-be42833 animated-slow elementor-invisible elementor-widget elementor-widget-heading\" data-id=\"be42833\" data-element_type=\"widget\" data-e-type=\"widget\" data-settings=\"{&quot;_animation&quot;:&quot;fadeInUp&quot;,&quot;_animation_tablet&quot;:&quot;fadeInUp&quot;,&quot;_animation_mobile&quot;:&quot;fadeInUp&quot;}\" data-widget_type=\"heading.default\">\n\t\t\t\t\t<h2 class=\"elementor-heading-title elementor-size-default\">Tu cabello merece lo mejor. Reserva tu cita y deja que te cuidemos.\u201d<\/h2>\t\t\t\t<\/div>\n\t\t\t\t<div class=\"elementor-element elementor-element-2133cad elementor-widget elementor-widget-eael-creative-button\" data-id=\"2133cad\" data-element_type=\"widget\" data-e-type=\"widget\" data-widget_type=\"eael-creative-button.default\">\n\t\t\t\t\t        <div class=\"eael-creative-button-wrapper\">\n\n            <a class=\"eael-creative-button eael-creative-button--default\" href=\"https:\/\/davinchipeluqueria.es\/contactos\/\" data-text=\"Go!\">\n            \t    \n                <div class=\"creative-button-inner\">\n\n                    \n                    <span class=\"cretive-button-text\">Contacto<\/span>\n\n                                    <\/div>\n\t                        <\/a>\n        <\/div>\n        \t\t\t\t<\/div>\n\t\t\t\t\t<\/div>\n\t\t\t\t<\/div>\n\t\t\t\t<\/div>\n\t\t","protected":false},"excerpt":{"rendered":"<p>Descubre todos nuestros servicios pensados para realzar tu belleza y cuidar de tu cabello. Coloraci\u00f3n y t\u00e9cnicas de mechas Mechas de todo tipo: tradicionales, babylights, californianas, etc. Coloraci\u00f3n tradicional Coloraci\u00f3n sin amon\u00edaco Coloraci\u00f3n natural (barros) Corte y peinado Corte de cabello Peinados de fiesta Peinados para novias y madrinas. Moldeados y alisados Moldeadores Alisados temporales [&hellip;]<\/p>\n","protected":false},"author":1,"featured_media":0,"parent":0,"menu_order":0,"comment_status":"closed","ping_status":"closed","template":"elementor_canvas","meta":{"footnotes":""},"class_list":["post-28","page","type-page","status-publish","hentry"],"yoast_head":"<!-- This site is optimized with the Yoast SEO plugin v27.3 - https:\/\/yoast.com\/product\/yoast-seo-wordpress\/ -->\n<title>Servicios - Daunchi Peluquer\u00eda<\/title>\n<meta name=\"robots\" content=\"index, follow, max-snippet:-1, max-image-preview:large, max-video-preview:-1\" \/>\n<link rel=\"canonical\" href=\"https:\/\/davinchipeluqueria.es\/en\/servicios\/\" \/>\n<meta property=\"og:locale\" content=\"en_GB\" \/>\n<meta property=\"og:type\" content=\"article\" \/>\n<meta property=\"og:title\" content=\"Servicios - Daunchi Peluquer\u00eda\" \/>\n<meta property=\"og:description\" content=\"Descubre todos nuestros servicios pensados para realzar tu belleza y cuidar de tu cabello. Coloraci\u00f3n y t\u00e9cnicas de mechas Mechas de todo tipo: tradicionales, babylights, californianas, etc. Coloraci\u00f3n tradicional Coloraci\u00f3n sin amon\u00edaco Coloraci\u00f3n natural (barros) Corte y peinado Corte de cabello Peinados de fiesta Peinados para novias y madrinas. Moldeados y alisados Moldeadores Alisados temporales [&hellip;]\" \/>\n<meta property=\"og:url\" content=\"https:\/\/davinchipeluqueria.es\/en\/servicios\/\" \/>\n<meta property=\"og:site_name\" content=\"Daunchi Peluquer\u00eda\" \/>\n<meta property=\"article:modified_time\" content=\"2025-12-10T08:56:14+00:00\" \/>\n<meta property=\"og:image\" content=\"https:\/\/davinchipeluqueria.es\/wp-content\/uploads\/2025\/12\/1.png\" \/>\n<meta name=\"twitter:card\" content=\"summary_large_image\" \/>\n<meta name=\"twitter:label1\" content=\"Estimated reading time\" \/>\n\t<meta name=\"twitter:data1\" content=\"1 minute\" \/>\n<script type=\"application\/ld+json\" class=\"yoast-schema-graph\">{\"@context\":\"https:\\\/\\\/schema.org\",\"@graph\":[{\"@type\":\"WebPage\",\"@id\":\"https:\\\/\\\/davinchipeluqueria.es\\\/servicios\\\/\",\"url\":\"https:\\\/\\\/davinchipeluqueria.es\\\/servicios\\\/\",\"name\":\"Servicios - Daunchi Peluquer\u00eda\",\"isPartOf\":{\"@id\":\"https:\\\/\\\/davinchipeluqueria.es\\\/#website\"},\"primaryImageOfPage\":{\"@id\":\"https:\\\/\\\/davinchipeluqueria.es\\\/servicios\\\/#primaryimage\"},\"image\":{\"@id\":\"https:\\\/\\\/davinchipeluqueria.es\\\/servicios\\\/#primaryimage\"},\"thumbnailUrl\":\"https:\\\/\\\/davinchipeluqueria.es\\\/wp-content\\\/uploads\\\/2025\\\/12\\\/1.png\",\"datePublished\":\"2025-12-09T13:55:38+00:00\",\"dateModified\":\"2025-12-10T08:56:14+00:00\",\"breadcrumb\":{\"@id\":\"https:\\\/\\\/davinchipeluqueria.es\\\/servicios\\\/#breadcrumb\"},\"inLanguage\":\"en-GB\",\"potentialAction\":[{\"@type\":\"ReadAction\",\"target\":[\"https:\\\/\\\/davinchipeluqueria.es\\\/servicios\\\/\"]}]},{\"@type\":\"ImageObject\",\"inLanguage\":\"en-GB\",\"@id\":\"https:\\\/\\\/davinchipeluqueria.es\\\/servicios\\\/#primaryimage\",\"url\":\"https:\\\/\\\/davinchipeluqueria.es\\\/wp-content\\\/uploads\\\/2025\\\/12\\\/1.png\",\"contentUrl\":\"https:\\\/\\\/davinchipeluqueria.es\\\/wp-content\\\/uploads\\\/2025\\\/12\\\/1.png\"},{\"@type\":\"BreadcrumbList\",\"@id\":\"https:\\\/\\\/davinchipeluqueria.es\\\/servicios\\\/#breadcrumb\",\"itemListElement\":[{\"@type\":\"ListItem\",\"position\":1,\"name\":\"Portada\",\"item\":\"https:\\\/\\\/davinchipeluqueria.es\\\/\"},{\"@type\":\"ListItem\",\"position\":2,\"name\":\"Servicios\"}]},{\"@type\":\"WebSite\",\"@id\":\"https:\\\/\\\/davinchipeluqueria.es\\\/#website\",\"url\":\"https:\\\/\\\/davinchipeluqueria.es\\\/\",\"name\":\"Daunchi Peluquer\u00eda\",\"description\":\"Peluquer\u00eda\",\"publisher\":{\"@id\":\"https:\\\/\\\/davinchipeluqueria.es\\\/#organization\"},\"potentialAction\":[{\"@type\":\"SearchAction\",\"target\":{\"@type\":\"EntryPoint\",\"urlTemplate\":\"https:\\\/\\\/davinchipeluqueria.es\\\/?s={search_term_string}\"},\"query-input\":{\"@type\":\"PropertyValueSpecification\",\"valueRequired\":true,\"valueName\":\"search_term_string\"}}],\"inLanguage\":\"en-GB\"},{\"@type\":\"Organization\",\"@id\":\"https:\\\/\\\/davinchipeluqueria.es\\\/#organization\",\"name\":\"Daunchi Peluquer\u00eda\",\"url\":\"https:\\\/\\\/davinchipeluqueria.es\\\/\",\"logo\":{\"@type\":\"ImageObject\",\"inLanguage\":\"en-GB\",\"@id\":\"https:\\\/\\\/davinchipeluqueria.es\\\/#\\\/schema\\\/logo\\\/image\\\/\",\"url\":\"https:\\\/\\\/davinchipeluqueria.es\\\/wp-content\\\/uploads\\\/2025\\\/12\\\/cropped-peuqueriadavinchi202509_logoarriba.jpg\",\"contentUrl\":\"https:\\\/\\\/davinchipeluqueria.es\\\/wp-content\\\/uploads\\\/2025\\\/12\\\/cropped-peuqueriadavinchi202509_logoarriba.jpg\",\"width\":346,\"height\":63,\"caption\":\"Daunchi Peluquer\u00eda\"},\"image\":{\"@id\":\"https:\\\/\\\/davinchipeluqueria.es\\\/#\\\/schema\\\/logo\\\/image\\\/\"}}]}<\/script>\n<!-- \/ Yoast SEO plugin. -->","yoast_head_json":{"title":"Servicios - Daunchi Peluquer\u00eda","robots":{"index":"index","follow":"follow","max-snippet":"max-snippet:-1","max-image-preview":"max-image-preview:large","max-video-preview":"max-video-preview:-1"},"canonical":"https:\/\/davinchipeluqueria.es\/en\/servicios\/","og_locale":"en_GB","og_type":"article","og_title":"Servicios - Daunchi Peluquer\u00eda","og_description":"Descubre todos nuestros servicios pensados para realzar tu belleza y cuidar de tu cabello. Coloraci\u00f3n y t\u00e9cnicas de mechas Mechas de todo tipo: tradicionales, babylights, californianas, etc. Coloraci\u00f3n tradicional Coloraci\u00f3n sin amon\u00edaco Coloraci\u00f3n natural (barros) Corte y peinado Corte de cabello Peinados de fiesta Peinados para novias y madrinas. Moldeados y alisados Moldeadores Alisados temporales [&hellip;]","og_url":"https:\/\/davinchipeluqueria.es\/en\/servicios\/","og_site_name":"Daunchi Peluquer\u00eda","article_modified_time":"2025-12-10T08:56:14+00:00","og_image":[{"url":"https:\/\/davinchipeluqueria.es\/wp-content\/uploads\/2025\/12\/1.png","type":"","width":"","height":""}],"twitter_card":"summary_large_image","twitter_misc":{"Estimated reading time":"1 minute"},"schema":{"@context":"https:\/\/schema.org","@graph":[{"@type":"WebPage","@id":"https:\/\/davinchipeluqueria.es\/servicios\/","url":"https:\/\/davinchipeluqueria.es\/servicios\/","name":"Servicios - Daunchi Peluquer\u00eda","isPartOf":{"@id":"https:\/\/davinchipeluqueria.es\/#website"},"primaryImageOfPage":{"@id":"https:\/\/davinchipeluqueria.es\/servicios\/#primaryimage"},"image":{"@id":"https:\/\/davinchipeluqueria.es\/servicios\/#primaryimage"},"thumbnailUrl":"https:\/\/davinchipeluqueria.es\/wp-content\/uploads\/2025\/12\/1.png","datePublished":"2025-12-09T13:55:38+00:00","dateModified":"2025-12-10T08:56:14+00:00","breadcrumb":{"@id":"https:\/\/davinchipeluqueria.es\/servicios\/#breadcrumb"},"inLanguage":"en-GB","potentialAction":[{"@type":"ReadAction","target":["https:\/\/davinchipeluqueria.es\/servicios\/"]}]},{"@type":"ImageObject","inLanguage":"en-GB","@id":"https:\/\/davinchipeluqueria.es\/servicios\/#primaryimage","url":"https:\/\/davinchipeluqueria.es\/wp-content\/uploads\/2025\/12\/1.png","contentUrl":"https:\/\/davinchipeluqueria.es\/wp-content\/uploads\/2025\/12\/1.png"},{"@type":"BreadcrumbList","@id":"https:\/\/davinchipeluqueria.es\/servicios\/#breadcrumb","itemListElement":[{"@type":"ListItem","position":1,"name":"Portada","item":"https:\/\/davinchipeluqueria.es\/"},{"@type":"ListItem","position":2,"name":"Servicios"}]},{"@type":"WebSite","@id":"https:\/\/davinchipeluqueria.es\/#website","url":"https:\/\/davinchipeluqueria.es\/","name":"Daunchi Peluquer\u00eda","description":"Peluquer\u00eda","publisher":{"@id":"https:\/\/davinchipeluqueria.es\/#organization"},"potentialAction":[{"@type":"SearchAction","target":{"@type":"EntryPoint","urlTemplate":"https:\/\/davinchipeluqueria.es\/?s={search_term_string}"},"query-input":{"@type":"PropertyValueSpecification","valueRequired":true,"valueName":"search_term_string"}}],"inLanguage":"en-GB"},{"@type":"Organization","@id":"https:\/\/davinchipeluqueria.es\/#organization","name":"Daunchi Peluquer\u00eda","url":"https:\/\/davinchipeluqueria.es\/","logo":{"@type":"ImageObject","inLanguage":"en-GB","@id":"https:\/\/davinchipeluqueria.es\/#\/schema\/logo\/image\/","url":"https:\/\/davinchipeluqueria.es\/wp-content\/uploads\/2025\/12\/cropped-peuqueriadavinchi202509_logoarriba.jpg","contentUrl":"https:\/\/davinchipeluqueria.es\/wp-content\/uploads\/2025\/12\/cropped-peuqueriadavinchi202509_logoarriba.jpg","width":346,"height":63,"caption":"Daunchi Peluquer\u00eda"},"image":{"@id":"https:\/\/davinchipeluqueria.es\/#\/schema\/logo\/image\/"}}]}},"_links":{"self":[{"href":"https:\/\/davinchipeluqueria.es\/en\/wp-json\/wp\/v2\/pages\/28","targetHints":{"allow":["GET"]}}],"collection":[{"href":"https:\/\/davinchipeluqueria.es\/en\/wp-json\/wp\/v2\/pages"}],"about":[{"href":"https:\/\/davinchipeluqueria.es\/en\/wp-json\/wp\/v2\/types\/page"}],"author":[{"embeddable":true,"href":"https:\/\/davinchipeluqueria.es\/en\/wp-json\/wp\/v2\/users\/1"}],"replies":[{"embeddable":true,"href":"https:\/\/davinchipeluqueria.es\/en\/wp-json\/wp\/v2\/comments?post=28"}],"version-history":[{"count":19,"href":"https:\/\/davinchipeluqueria.es\/en\/wp-json\/wp\/v2\/pages\/28\/revisions"}],"predecessor-version":[{"id":210,"href":"https:\/\/davinchipeluqueria.es\/en\/wp-json\/wp\/v2\/pages\/28\/revisions\/210"}],"wp:attachment":[{"href":"https:\/\/davinchipeluqueria.es\/en\/wp-json\/wp\/v2\/media?parent=28"}],"curies":[{"name":"wp","href":"https:\/\/api.w.org\/{rel}","templated":true}]}}