{"id":218,"date":"2025-12-11T10:52:13","date_gmt":"2025-12-11T10:52:13","guid":{"rendered":"https:\/\/davinchipeluqueria.rkinformatika.online\/?post_type=product&#038;p=218"},"modified":"2025-12-11T10:52:13","modified_gmt":"2025-12-11T10:52:13","slug":"restaura-k3-crespos","status":"publish","type":"product","link":"https:\/\/davinchipeluqueria.es\/en\/product\/restaura-k3-crespos\/","title":{"rendered":"RESTAURA K3 CRESPOS"},"content":{"rendered":"<p>Crema reestructurante con karit\u00e9 y arg\u00e1n.<br \/>\nFormato: 500 ml.<\/p>\n<p>Crema reestructurante nutritiva e hidratante. Su acci\u00f3n complementa la loci\u00f3n de queratina y gracias al aporte de sus activos consigue aumentar y retener la nutrici\u00f3n e hidrataci\u00f3n del cabello. Contribuye a controlar el volumen en cabellos crespos. Recomendado como champ\u00fa de mantenimiento para el tratamiento Restaura-K Anti-Age System (Step 3).<\/p>","protected":false},"excerpt":{"rendered":"<p>Crema reestructurante con karit\u00e9 y arg\u00e1n. Formato: 500 ml. Crema reestructurante nutritiva e hidratante. Su acci\u00f3n complementa la loci\u00f3n de queratina y gracias al aporte de sus activos consigue aumentar y retener la nutrici\u00f3n e hidrataci\u00f3n del cabello. Contribuye a controlar el volumen en cabellos crespos. Recomendado como champ\u00fa de mantenimiento para el tratamiento Restaura-K [&hellip;]<\/p>\n","protected":false},"featured_media":219,"comment_status":"open","ping_status":"closed","template":"","meta":[],"product_brand":[],"product_cat":[15],"product_tag":[],"class_list":{"0":"post-218","1":"product","2":"type-product","3":"status-publish","4":"has-post-thumbnail","6":"product_cat-sin-categorizar","8":"first","9":"instock","10":"sale","11":"shipping-taxable","12":"purchasable","13":"product-type-simple"},"yoast_head":"<!-- This site is optimized with the Yoast SEO plugin v27.3 - https:\/\/yoast.com\/product\/yoast-seo-wordpress\/ -->\n<title>RESTAURA K3 CRESPOS - Daunchi Peluquer\u00eda<\/title>\n<meta name=\"robots\" content=\"index, follow, max-snippet:-1, max-image-preview:large, max-video-preview:-1\" \/>\n<link rel=\"canonical\" href=\"https:\/\/davinchipeluqueria.es\/en\/product\/restaura-k3-crespos\/\" \/>\n<meta property=\"og:locale\" content=\"en_GB\" \/>\n<meta property=\"og:type\" content=\"article\" \/>\n<meta property=\"og:title\" content=\"RESTAURA K3 CRESPOS - Daunchi Peluquer\u00eda\" \/>\n<meta property=\"og:description\" content=\"Crema reestructurante con karit\u00e9 y arg\u00e1n. Formato: 500 ml. Crema reestructurante nutritiva e hidratante. Su acci\u00f3n complementa la loci\u00f3n de queratina y gracias al aporte de sus activos consigue aumentar y retener la nutrici\u00f3n e hidrataci\u00f3n del cabello. Contribuye a controlar el volumen en cabellos crespos. Recomendado como champ\u00fa de mantenimiento para el tratamiento Restaura-K [&hellip;]\" \/>\n<meta property=\"og:url\" content=\"https:\/\/davinchipeluqueria.es\/en\/product\/restaura-k3-crespos\/\" \/>\n<meta property=\"og:site_name\" content=\"Daunchi Peluquer\u00eda\" \/>\n<meta property=\"og:image\" content=\"https:\/\/davinchipeluqueria.es\/wp-content\/uploads\/2025\/12\/RESTAURA-K3-CRESPOS.jpg\" \/>\n\t<meta property=\"og:image:width\" content=\"470\" \/>\n\t<meta property=\"og:image:height\" content=\"470\" \/>\n\t<meta property=\"og:image:type\" content=\"image\/jpeg\" \/>\n<meta name=\"twitter:card\" content=\"summary_large_image\" \/>\n<meta name=\"twitter:label1\" content=\"Estimated reading time\" \/>\n\t<meta name=\"twitter:data1\" content=\"1 minute\" \/>\n<script type=\"application\/ld+json\" class=\"yoast-schema-graph\">{\"@context\":\"https:\\\/\\\/schema.org\",\"@graph\":[{\"@type\":\"WebPage\",\"@id\":\"https:\\\/\\\/davinchipeluqueria.es\\\/producto\\\/restaura-k3-crespos\\\/\",\"url\":\"https:\\\/\\\/davinchipeluqueria.es\\\/producto\\\/restaura-k3-crespos\\\/\",\"name\":\"RESTAURA K3 CRESPOS - Daunchi Peluquer\u00eda\",\"isPartOf\":{\"@id\":\"https:\\\/\\\/davinchipeluqueria.es\\\/#website\"},\"primaryImageOfPage\":{\"@id\":\"https:\\\/\\\/davinchipeluqueria.es\\\/producto\\\/restaura-k3-crespos\\\/#primaryimage\"},\"image\":{\"@id\":\"https:\\\/\\\/davinchipeluqueria.es\\\/producto\\\/restaura-k3-crespos\\\/#primaryimage\"},\"thumbnailUrl\":\"https:\\\/\\\/davinchipeluqueria.es\\\/wp-content\\\/uploads\\\/2025\\\/12\\\/RESTAURA-K3-CRESPOS.jpg\",\"datePublished\":\"2025-12-11T10:52:13+00:00\",\"breadcrumb\":{\"@id\":\"https:\\\/\\\/davinchipeluqueria.es\\\/producto\\\/restaura-k3-crespos\\\/#breadcrumb\"},\"inLanguage\":\"en-GB\",\"potentialAction\":[{\"@type\":\"ReadAction\",\"target\":[\"https:\\\/\\\/davinchipeluqueria.es\\\/producto\\\/restaura-k3-crespos\\\/\"]}]},{\"@type\":\"ImageObject\",\"inLanguage\":\"en-GB\",\"@id\":\"https:\\\/\\\/davinchipeluqueria.es\\\/producto\\\/restaura-k3-crespos\\\/#primaryimage\",\"url\":\"https:\\\/\\\/davinchipeluqueria.es\\\/wp-content\\\/uploads\\\/2025\\\/12\\\/RESTAURA-K3-CRESPOS.jpg\",\"contentUrl\":\"https:\\\/\\\/davinchipeluqueria.es\\\/wp-content\\\/uploads\\\/2025\\\/12\\\/RESTAURA-K3-CRESPOS.jpg\",\"width\":470,\"height\":470},{\"@type\":\"BreadcrumbList\",\"@id\":\"https:\\\/\\\/davinchipeluqueria.es\\\/producto\\\/restaura-k3-crespos\\\/#breadcrumb\",\"itemListElement\":[{\"@type\":\"ListItem\",\"position\":1,\"name\":\"Portada\",\"item\":\"https:\\\/\\\/davinchipeluqueria.es\\\/\"},{\"@type\":\"ListItem\",\"position\":2,\"name\":\"Tienda\",\"item\":\"https:\\\/\\\/davinchipeluqueria.es\\\/tienda\\\/\"},{\"@type\":\"ListItem\",\"position\":3,\"name\":\"RESTAURA K3 CRESPOS\"}]},{\"@type\":\"WebSite\",\"@id\":\"https:\\\/\\\/davinchipeluqueria.es\\\/#website\",\"url\":\"https:\\\/\\\/davinchipeluqueria.es\\\/\",\"name\":\"Daunchi Peluquer\u00eda\",\"description\":\"Peluquer\u00eda\",\"publisher\":{\"@id\":\"https:\\\/\\\/davinchipeluqueria.es\\\/#organization\"},\"potentialAction\":[{\"@type\":\"SearchAction\",\"target\":{\"@type\":\"EntryPoint\",\"urlTemplate\":\"https:\\\/\\\/davinchipeluqueria.es\\\/?s={search_term_string}\"},\"query-input\":{\"@type\":\"PropertyValueSpecification\",\"valueRequired\":true,\"valueName\":\"search_term_string\"}}],\"inLanguage\":\"en-GB\"},{\"@type\":\"Organization\",\"@id\":\"https:\\\/\\\/davinchipeluqueria.es\\\/#organization\",\"name\":\"Daunchi Peluquer\u00eda\",\"url\":\"https:\\\/\\\/davinchipeluqueria.es\\\/\",\"logo\":{\"@type\":\"ImageObject\",\"inLanguage\":\"en-GB\",\"@id\":\"https:\\\/\\\/davinchipeluqueria.es\\\/#\\\/schema\\\/logo\\\/image\\\/\",\"url\":\"https:\\\/\\\/davinchipeluqueria.es\\\/wp-content\\\/uploads\\\/2025\\\/12\\\/cropped-peuqueriadavinchi202509_logoarriba.jpg\",\"contentUrl\":\"https:\\\/\\\/davinchipeluqueria.es\\\/wp-content\\\/uploads\\\/2025\\\/12\\\/cropped-peuqueriadavinchi202509_logoarriba.jpg\",\"width\":346,\"height\":63,\"caption\":\"Daunchi Peluquer\u00eda\"},\"image\":{\"@id\":\"https:\\\/\\\/davinchipeluqueria.es\\\/#\\\/schema\\\/logo\\\/image\\\/\"}}]}<\/script>\n<!-- \/ Yoast SEO plugin. -->","yoast_head_json":{"title":"RESTAURA K3 CRESPOS - Daunchi Peluquer\u00eda","robots":{"index":"index","follow":"follow","max-snippet":"max-snippet:-1","max-image-preview":"max-image-preview:large","max-video-preview":"max-video-preview:-1"},"canonical":"https:\/\/davinchipeluqueria.es\/en\/product\/restaura-k3-crespos\/","og_locale":"en_GB","og_type":"article","og_title":"RESTAURA K3 CRESPOS - Daunchi Peluquer\u00eda","og_description":"Crema reestructurante con karit\u00e9 y arg\u00e1n. Formato: 500 ml. Crema reestructurante nutritiva e hidratante. Su acci\u00f3n complementa la loci\u00f3n de queratina y gracias al aporte de sus activos consigue aumentar y retener la nutrici\u00f3n e hidrataci\u00f3n del cabello. Contribuye a controlar el volumen en cabellos crespos. Recomendado como champ\u00fa de mantenimiento para el tratamiento Restaura-K [&hellip;]","og_url":"https:\/\/davinchipeluqueria.es\/en\/product\/restaura-k3-crespos\/","og_site_name":"Daunchi Peluquer\u00eda","og_image":[{"width":470,"height":470,"url":"https:\/\/davinchipeluqueria.es\/wp-content\/uploads\/2025\/12\/RESTAURA-K3-CRESPOS.jpg","type":"image\/jpeg"}],"twitter_card":"summary_large_image","twitter_misc":{"Estimated reading time":"1 minute"},"schema":{"@context":"https:\/\/schema.org","@graph":[{"@type":"WebPage","@id":"https:\/\/davinchipeluqueria.es\/producto\/restaura-k3-crespos\/","url":"https:\/\/davinchipeluqueria.es\/producto\/restaura-k3-crespos\/","name":"RESTAURA K3 CRESPOS - Daunchi Peluquer\u00eda","isPartOf":{"@id":"https:\/\/davinchipeluqueria.es\/#website"},"primaryImageOfPage":{"@id":"https:\/\/davinchipeluqueria.es\/producto\/restaura-k3-crespos\/#primaryimage"},"image":{"@id":"https:\/\/davinchipeluqueria.es\/producto\/restaura-k3-crespos\/#primaryimage"},"thumbnailUrl":"https:\/\/davinchipeluqueria.es\/wp-content\/uploads\/2025\/12\/RESTAURA-K3-CRESPOS.jpg","datePublished":"2025-12-11T10:52:13+00:00","breadcrumb":{"@id":"https:\/\/davinchipeluqueria.es\/producto\/restaura-k3-crespos\/#breadcrumb"},"inLanguage":"en-GB","potentialAction":[{"@type":"ReadAction","target":["https:\/\/davinchipeluqueria.es\/producto\/restaura-k3-crespos\/"]}]},{"@type":"ImageObject","inLanguage":"en-GB","@id":"https:\/\/davinchipeluqueria.es\/producto\/restaura-k3-crespos\/#primaryimage","url":"https:\/\/davinchipeluqueria.es\/wp-content\/uploads\/2025\/12\/RESTAURA-K3-CRESPOS.jpg","contentUrl":"https:\/\/davinchipeluqueria.es\/wp-content\/uploads\/2025\/12\/RESTAURA-K3-CRESPOS.jpg","width":470,"height":470},{"@type":"BreadcrumbList","@id":"https:\/\/davinchipeluqueria.es\/producto\/restaura-k3-crespos\/#breadcrumb","itemListElement":[{"@type":"ListItem","position":1,"name":"Portada","item":"https:\/\/davinchipeluqueria.es\/"},{"@type":"ListItem","position":2,"name":"Tienda","item":"https:\/\/davinchipeluqueria.es\/tienda\/"},{"@type":"ListItem","position":3,"name":"RESTAURA K3 CRESPOS"}]},{"@type":"WebSite","@id":"https:\/\/davinchipeluqueria.es\/#website","url":"https:\/\/davinchipeluqueria.es\/","name":"Daunchi Peluquer\u00eda","description":"Peluquer\u00eda","publisher":{"@id":"https:\/\/davinchipeluqueria.es\/#organization"},"potentialAction":[{"@type":"SearchAction","target":{"@type":"EntryPoint","urlTemplate":"https:\/\/davinchipeluqueria.es\/?s={search_term_string}"},"query-input":{"@type":"PropertyValueSpecification","valueRequired":true,"valueName":"search_term_string"}}],"inLanguage":"en-GB"},{"@type":"Organization","@id":"https:\/\/davinchipeluqueria.es\/#organization","name":"Daunchi Peluquer\u00eda","url":"https:\/\/davinchipeluqueria.es\/","logo":{"@type":"ImageObject","inLanguage":"en-GB","@id":"https:\/\/davinchipeluqueria.es\/#\/schema\/logo\/image\/","url":"https:\/\/davinchipeluqueria.es\/wp-content\/uploads\/2025\/12\/cropped-peuqueriadavinchi202509_logoarriba.jpg","contentUrl":"https:\/\/davinchipeluqueria.es\/wp-content\/uploads\/2025\/12\/cropped-peuqueriadavinchi202509_logoarriba.jpg","width":346,"height":63,"caption":"Daunchi Peluquer\u00eda"},"image":{"@id":"https:\/\/davinchipeluqueria.es\/#\/schema\/logo\/image\/"}}]}},"_links":{"self":[{"href":"https:\/\/davinchipeluqueria.es\/en\/wp-json\/wp\/v2\/product\/218","targetHints":{"allow":["GET"]}}],"collection":[{"href":"https:\/\/davinchipeluqueria.es\/en\/wp-json\/wp\/v2\/product"}],"about":[{"href":"https:\/\/davinchipeluqueria.es\/en\/wp-json\/wp\/v2\/types\/product"}],"replies":[{"embeddable":true,"href":"https:\/\/davinchipeluqueria.es\/en\/wp-json\/wp\/v2\/comments?post=218"}],"wp:featuredmedia":[{"embeddable":true,"href":"https:\/\/davinchipeluqueria.es\/en\/wp-json\/wp\/v2\/media\/219"}],"wp:attachment":[{"href":"https:\/\/davinchipeluqueria.es\/en\/wp-json\/wp\/v2\/media?parent=218"}],"wp:term":[{"taxonomy":"product_brand","embeddable":true,"href":"https:\/\/davinchipeluqueria.es\/en\/wp-json\/wp\/v2\/product_brand?post=218"},{"taxonomy":"product_cat","embeddable":true,"href":"https:\/\/davinchipeluqueria.es\/en\/wp-json\/wp\/v2\/product_cat?post=218"},{"taxonomy":"product_tag","embeddable":true,"href":"https:\/\/davinchipeluqueria.es\/en\/wp-json\/wp\/v2\/product_tag?post=218"}],"curies":[{"name":"wp","href":"https:\/\/api.w.org\/{rel}","templated":true}]}}